{"id":94,"date":"2013-03-07T16:12:17","date_gmt":"2013-03-07T14:12:17","guid":{"rendered":"http:\/\/www.tuntsakauppa.fi\/fi\/?product=lapinkota-6m"},"modified":"2025-12-15T14:28:37","modified_gmt":"2025-12-15T12:28:37","slug":"lapinkota-6m","status":"publish","type":"product","link":"https:\/\/www.tuntsa.fi\/kauppa\/?product=lapinkota-6m","title":{"rendered":"Lapinkota 6m"},"content":{"rendered":"","protected":false},"excerpt":{"rendered":"<p>Kotamallistosta l\u00f6ytyy majoitteita moneen kokoluokkaan. Monik\u00e4ytt\u00f6inen kangaskota sopii y\u00f6pymiseen, oleskeluun tai grillauspaikaksi &#8211; yht\u00e4 hyvin omalle pihalle kuin suurempienkin joukkojen tarpeisiin esim. ohjelmanj\u00e4rjest\u00e4jille.<\/p>\n<p>Materiaali 100% PES, vett\u00e4pit\u00e4v\u00e4<\/p>\n<p>Materiaali k\u00e4sitelty , siin\u00e4 on eritt\u00e4in hyv\u00e4 vett\u00e4hylkivyys, enemm\u00e4n kuin 5000 mm vesipatsasta.<\/p>\n<p>V\u00e4ri khaki hiekka<\/p>\n<p>&nbsp;<\/p>\n<p>Kruunut loppu, ei saatavilla t\u00e4ll\u00e4 hetkell\u00e4. Ruoteet eiv\u00e4t sis\u00e4lly toimitukseen.<\/p>\n","protected":false},"featured_media":140,"comment_status":"closed","ping_status":"closed","template":"","meta":[],"_links":{"self":[{"href":"https:\/\/www.tuntsa.fi\/kauppa\/index.php?rest_route=\/wp\/v2\/product\/94"}],"collection":[{"href":"https:\/\/www.tuntsa.fi\/kauppa\/index.php?rest_route=\/wp\/v2\/product"}],"about":[{"href":"https:\/\/www.tuntsa.fi\/kauppa\/index.php?rest_route=\/wp\/v2\/types\/product"}],"replies":[{"embeddable":true,"href":"https:\/\/www.tuntsa.fi\/kauppa\/index.php?rest_route=%2Fwp%2Fv2%2Fcomments&post=94"}],"wp:featuredmedia":[{"embeddable":true,"href":"https:\/\/www.tuntsa.fi\/kauppa\/index.php?rest_route=\/wp\/v2\/media\/140"}],"wp:attachment":[{"href":"https:\/\/www.tuntsa.fi\/kauppa\/index.php?rest_route=%2Fwp%2Fv2%2Fmedia&parent=94"}],"curies":[{"name":"wp","href":"https:\/\/api.w.org\/{rel}","templated":true}]}}