{"id":91,"date":"2013-03-07T16:10:30","date_gmt":"2013-03-07T14:10:30","guid":{"rendered":"http:\/\/www.tuntsakauppa.fi\/fi\/?product=lapinkota-5m"},"modified":"2026-02-09T16:55:52","modified_gmt":"2026-02-09T14:55:52","slug":"lapinkota-5m","status":"publish","type":"product","link":"https:\/\/www.tuntsa.fi\/kauppa\/?product=lapinkota-5m","title":{"rendered":"Lapinkota 5m"},"content":{"rendered":"","protected":false},"excerpt":{"rendered":"<p>Kotamallistosta l\u00f6ytyy majoitteita moneen kokoluokkaan. Monik\u00e4ytt\u00f6inen kangaskota sopii y\u00f6pymiseen, oleskeluun tai grillauspaikaksi &#8211; yht\u00e4 hyvin omalle pihalle kuin suurempienkin joukkojen tarpeisiin esim. ohjelmanj\u00e4rjest\u00e4jille.<\/p>\n<p>Materiaalia <span class=\"fontstyle0\">45\/45\/10% COT\/PES\/PA<\/span>\u00a0 , v\u00e4ri\u00a0 vihre\u00e4, sis\u00e4puoli vaaleampi<\/p>\n<p><strong>Materiaali k\u00e4sitelty palosuojauksella, homeenestolla ja lis\u00e4ksi siin\u00e4 on eritt\u00e4in hyv\u00e4 vett\u00e4hylkivyys<\/strong>, puolustusvoimien joukkuetelttakangas, vain 1 kpl saatavilla !<\/p>\n<p>&nbsp;<\/p>\n","protected":false},"featured_media":139,"comment_status":"closed","ping_status":"closed","template":"","meta":[],"_links":{"self":[{"href":"https:\/\/www.tuntsa.fi\/kauppa\/index.php?rest_route=\/wp\/v2\/product\/91"}],"collection":[{"href":"https:\/\/www.tuntsa.fi\/kauppa\/index.php?rest_route=\/wp\/v2\/product"}],"about":[{"href":"https:\/\/www.tuntsa.fi\/kauppa\/index.php?rest_route=\/wp\/v2\/types\/product"}],"replies":[{"embeddable":true,"href":"https:\/\/www.tuntsa.fi\/kauppa\/index.php?rest_route=%2Fwp%2Fv2%2Fcomments&post=91"}],"wp:featuredmedia":[{"embeddable":true,"href":"https:\/\/www.tuntsa.fi\/kauppa\/index.php?rest_route=\/wp\/v2\/media\/139"}],"wp:attachment":[{"href":"https:\/\/www.tuntsa.fi\/kauppa\/index.php?rest_route=%2Fwp%2Fv2%2Fmedia&parent=91"}],"curies":[{"name":"wp","href":"https:\/\/api.w.org\/{rel}","templated":true}]}}