{"id":883,"date":"2014-06-24T12:33:30","date_gmt":"2014-06-24T09:33:30","guid":{"rendered":"http:\/\/www.tuntsakauppa.fi\/fi\/?post_type=product&#038;p=883"},"modified":"2025-12-05T09:21:42","modified_gmt":"2025-12-05T07:21:42","slug":"kaminan-lapivienti","status":"publish","type":"product","link":"https:\/\/www.tuntsa.fi\/kauppa\/?product=kaminan-lapivienti","title":{"rendered":"Kaminan l\u00e4pivienti, malli uusittu"},"content":{"rendered":"","protected":false},"excerpt":{"rendered":"<p>Savupiipun l\u00e4pivienti ruostumaton ter\u00e4s. Koko 160&#215;180 mm, reik\u00e4 90\/105 mm. Paino 71 gr. Muotoiltu uudestaan, ovaalinmuotoinen.<\/p>\n<p>Toimitus pelkk\u00e4 rengas<\/p>\n","protected":false},"featured_media":4159,"comment_status":"closed","ping_status":"closed","template":"","meta":[],"_links":{"self":[{"href":"https:\/\/www.tuntsa.fi\/kauppa\/index.php?rest_route=\/wp\/v2\/product\/883"}],"collection":[{"href":"https:\/\/www.tuntsa.fi\/kauppa\/index.php?rest_route=\/wp\/v2\/product"}],"about":[{"href":"https:\/\/www.tuntsa.fi\/kauppa\/index.php?rest_route=\/wp\/v2\/types\/product"}],"replies":[{"embeddable":true,"href":"https:\/\/www.tuntsa.fi\/kauppa\/index.php?rest_route=%2Fwp%2Fv2%2Fcomments&post=883"}],"wp:featuredmedia":[{"embeddable":true,"href":"https:\/\/www.tuntsa.fi\/kauppa\/index.php?rest_route=\/wp\/v2\/media\/4159"}],"wp:attachment":[{"href":"https:\/\/www.tuntsa.fi\/kauppa\/index.php?rest_route=%2Fwp%2Fv2%2Fmedia&parent=883"}],"curies":[{"name":"wp","href":"https:\/\/api.w.org\/{rel}","templated":true}]}}