{"id":7645,"date":"2025-06-11T14:22:01","date_gmt":"2025-06-11T11:22:01","guid":{"rendered":"https:\/\/www.tuntsa.fi\/kauppa\/?post_type=product&#038;p=7645"},"modified":"2026-04-13T07:37:42","modified_gmt":"2026-04-13T04:37:42","slug":"lippis-korvalapuilla","status":"publish","type":"product","link":"https:\/\/www.tuntsa.fi\/kauppa\/?product=lippis-korvalapuilla","title":{"rendered":"Lippis korvalapuilla"},"content":{"rendered":"<p>Yksi koko. Fleecevuori, muotoiltava lippa. Pit\u00e4\u00e4 l\u00e4mpim\u00e4n\u00e4 kylmiss\u00e4 ja tuulisessa s\u00e4\u00e4ss\u00e4. S\u00e4\u00e4dett\u00e4v\u00e4 koko tarranauha takana ja joustava ny\u00f6ri korvalapuissa. Tuontituote, ruotsalainen sunnittelu, laatu OK<\/p>\n","protected":false},"excerpt":{"rendered":"<p>Perinteinen &#8221;fulm\u00f6ssa&#8221;.\u00a0 \u00a0 \u00a0 Kirjoita v\u00e4ri oranssi vai musta lis\u00e4tietoihin !<\/p>\n","protected":false},"featured_media":7647,"comment_status":"closed","ping_status":"closed","template":"","meta":[],"_links":{"self":[{"href":"https:\/\/www.tuntsa.fi\/kauppa\/index.php?rest_route=\/wp\/v2\/product\/7645"}],"collection":[{"href":"https:\/\/www.tuntsa.fi\/kauppa\/index.php?rest_route=\/wp\/v2\/product"}],"about":[{"href":"https:\/\/www.tuntsa.fi\/kauppa\/index.php?rest_route=\/wp\/v2\/types\/product"}],"replies":[{"embeddable":true,"href":"https:\/\/www.tuntsa.fi\/kauppa\/index.php?rest_route=%2Fwp%2Fv2%2Fcomments&post=7645"}],"wp:featuredmedia":[{"embeddable":true,"href":"https:\/\/www.tuntsa.fi\/kauppa\/index.php?rest_route=\/wp\/v2\/media\/7647"}],"wp:attachment":[{"href":"https:\/\/www.tuntsa.fi\/kauppa\/index.php?rest_route=%2Fwp%2Fv2%2Fmedia&parent=7645"}],"curies":[{"name":"wp","href":"https:\/\/api.w.org\/{rel}","templated":true}]}}