{"id":68,"date":"2013-03-07T10:43:28","date_gmt":"2013-03-07T08:43:28","guid":{"rendered":"http:\/\/www.tuntsakauppa.fi\/fi\/?post_type=product&#038;p=68"},"modified":"2025-12-12T09:40:11","modified_gmt":"2025-12-12T07:40:11","slug":"lapinkota-45m","status":"publish","type":"product","link":"https:\/\/www.tuntsa.fi\/kauppa\/?product=lapinkota-45m","title":{"rendered":"Lapinkota 4,5m"},"content":{"rendered":"","protected":false},"excerpt":{"rendered":"<p>Kotamallistosta l\u00f6ytyy majoitteita moneen kokoluokkaan. Monik\u00e4ytt\u00f6inen kangaskota sopii y\u00f6pymiseen, oleskeluun tai grillauspaikaksi &#8211; yht\u00e4 hyvin omalle pihalle kuin suurempienkin joukkojen tarpeisiin esim. ohjelmanj\u00e4rjest\u00e4jille. V\u00e4ri oliivi<\/p>\n<p><strong>Materiaali 100 %<span class=\"fontstyle0\">PES<\/span><\/strong><\/p>\n<p>Materiaali UV suojattu ja\u00a0 siin\u00e4 on eritt\u00e4in hyv\u00e4 vett\u00e4hylkivyys, enemm\u00e4n kuin 5000 mm vesipatsasta<\/p>\n<p>&nbsp;<\/p>\n<p>Ruoteet eiv\u00e4t sis\u00e4lly tilaukseen.<\/p>\n","protected":false},"featured_media":138,"comment_status":"closed","ping_status":"closed","template":"","meta":[],"_links":{"self":[{"href":"https:\/\/www.tuntsa.fi\/kauppa\/index.php?rest_route=\/wp\/v2\/product\/68"}],"collection":[{"href":"https:\/\/www.tuntsa.fi\/kauppa\/index.php?rest_route=\/wp\/v2\/product"}],"about":[{"href":"https:\/\/www.tuntsa.fi\/kauppa\/index.php?rest_route=\/wp\/v2\/types\/product"}],"replies":[{"embeddable":true,"href":"https:\/\/www.tuntsa.fi\/kauppa\/index.php?rest_route=%2Fwp%2Fv2%2Fcomments&post=68"}],"wp:featuredmedia":[{"embeddable":true,"href":"https:\/\/www.tuntsa.fi\/kauppa\/index.php?rest_route=\/wp\/v2\/media\/138"}],"wp:attachment":[{"href":"https:\/\/www.tuntsa.fi\/kauppa\/index.php?rest_route=%2Fwp%2Fv2%2Fmedia&parent=68"}],"curies":[{"name":"wp","href":"https:\/\/api.w.org\/{rel}","templated":true}]}}