{"id":6597,"date":"2023-08-18T13:13:14","date_gmt":"2023-08-18T10:13:14","guid":{"rendered":"https:\/\/www.tuntsa.fi\/kauppa\/?post_type=product&#038;p=6597"},"modified":"2026-04-11T09:03:59","modified_gmt":"2026-04-11T06:03:59","slug":"harusprikka-keskisalkoon","status":"publish","type":"product","link":"https:\/\/www.tuntsa.fi\/kauppa\/?product=harusprikka-keskisalkoon","title":{"rendered":"Harusprikka keskisalkoon"},"content":{"rendered":"<p><a href=\"http:\/\/www.tuntsa.fi\/kauppa\/wp-content\/uploads\/2013\/03\/DSC01396.jpg\"><img loading=\"lazy\" class=\"alignright size-thumbnail wp-image-587\" src=\"http:\/\/www.tuntsa.fi\/kauppa\/wp-content\/uploads\/2013\/03\/DSC01396-150x150.jpg\" alt=\"Ny\u00f6rinkiristin\" width=\"150\" height=\"150\" srcset=\"https:\/\/www.tuntsa.fi\/kauppa\/wp-content\/uploads\/2013\/03\/DSC01396-150x150.jpg 150w, https:\/\/www.tuntsa.fi\/kauppa\/wp-content\/uploads\/2013\/03\/DSC01396-300x300.jpg 300w, https:\/\/www.tuntsa.fi\/kauppa\/wp-content\/uploads\/2013\/03\/DSC01396-90x90.jpg 90w, https:\/\/www.tuntsa.fi\/kauppa\/wp-content\/uploads\/2013\/03\/DSC01396-536x536.jpg 536w, https:\/\/www.tuntsa.fi\/kauppa\/wp-content\/uploads\/2013\/03\/DSC01396-268x268.jpg 268w\" sizes=\"(max-width: 150px) 100vw, 150px\" \/><\/a><a href=\"http:\/\/www.tuntsa.fi\/kauppa\/wp-content\/uploads\/2013\/03\/DSC01397.jpg\"><img loading=\"lazy\" class=\"alignright size-thumbnail wp-image-588\" src=\"http:\/\/www.tuntsa.fi\/kauppa\/wp-content\/uploads\/2013\/03\/DSC01397-150x150.jpg\" alt=\"Suljettava pussi myrskynarulle\" width=\"150\" height=\"150\" srcset=\"https:\/\/www.tuntsa.fi\/kauppa\/wp-content\/uploads\/2013\/03\/DSC01397-150x150.jpg 150w, https:\/\/www.tuntsa.fi\/kauppa\/wp-content\/uploads\/2013\/03\/DSC01397-300x300.jpg 300w, https:\/\/www.tuntsa.fi\/kauppa\/wp-content\/uploads\/2013\/03\/DSC01397-90x90.jpg 90w, https:\/\/www.tuntsa.fi\/kauppa\/wp-content\/uploads\/2013\/03\/DSC01397-536x536.jpg 536w, https:\/\/www.tuntsa.fi\/kauppa\/wp-content\/uploads\/2013\/03\/DSC01397-268x268.jpg 268w\" sizes=\"(max-width: 150px) 100vw, 150px\" \/><\/a><\/p>\n<p><strong>T\u00e4m\u00e4 on sama prikka ilman naruja ja pussia. Tee se itse tuote<\/strong><\/p>\n<p><strong>MONTA ETUA PIENEST\u00c4 KEKSINN\u00d6ST\u00c4<\/strong><\/p>\n<ol>\n<li>Narupussin toisessa reunassa on pitkulainen nappi, joka on helppo pujottaa kodan kiinnityslenkkiin, ja pussi pysyy mukana kotapakkauksen sis\u00e4ll\u00e4.<\/li>\n<li>Myrskynarut kiinnite\u00e4\u00e4n kolmeen suuntaan kodan sis\u00e4saumoihin varmistamaan tukeva pystytys kovallakin tuulella, ja silti pakattaessa ei synny sotkua pitkist\u00e4 naruista<\/li>\n<li>Narut eiv\u00e4t sotkeudu kosteallakaan kelill\u00e4 kun ne on heti irrotuksen j\u00e4lkeen helppo niputtaa takaisin omaan pussiinsa.<\/li>\n<li>Pussin eli myrskynarun kiinnityspistett\u00e4 on nopea vaihtaa tuulen suunnan mukaan koska ei tarvita solmuja, vain nappikiinnityksen irroitus ja siirto uuteen kiinnityslenkkiin<\/li>\n<li>Jokaisessa myrskynarussa on my\u00f6s ny\u00f6rikiristin nopeaa narujen kiristyst\u00e4 varten\n<div id=\"attachment_1522\" style=\"width: 264px\" class=\"wp-caption alignnone\"><a href=\"http:\/\/www.tuntsa.fi\/kauppa\/wp-content\/uploads\/2016\/06\/DSC02771.jpg\"><img aria-describedby=\"caption-attachment-1522\" loading=\"lazy\" class=\"size-medium wp-image-1522\" src=\"http:\/\/www.tuntsa.fi\/kauppa\/wp-content\/uploads\/2016\/06\/DSC02771-254x300.jpg\" alt=\"SONY DSC\" width=\"254\" height=\"300\" srcset=\"https:\/\/www.tuntsa.fi\/kauppa\/wp-content\/uploads\/2016\/06\/DSC02771-254x300.jpg 254w, https:\/\/www.tuntsa.fi\/kauppa\/wp-content\/uploads\/2016\/06\/DSC02771-600x708.jpg 600w, https:\/\/www.tuntsa.fi\/kauppa\/wp-content\/uploads\/2016\/06\/DSC02771-867x1024.jpg 867w\" sizes=\"(max-width: 254px) 100vw, 254px\" \/><\/a><p id=\"caption-attachment-1522\" class=\"wp-caption-text\">Harusnarut<\/p><\/div><\/li>\n<\/ol>\n","protected":false},"excerpt":{"rendered":"<p><strong>T\u00e4m\u00e4 on sama prikka ilman naruja ja pussia. Tee se itse tuote<\/strong><\/p>\n<p>&nbsp;<\/p>\n<p>Tuntsa-harusnaru on pakattu k\u00e4yt\u00e4nn\u00f6lliseen pussiin, jonka sis\u00e4ll\u00e4 oleva prikka kiinnitet\u00e4\u00e4n haluttuun liitoskohtaan keskisalkoon.Narut kiinnitet\u00e4\u00e4n kolmeen suuntaan kodan sis\u00e4saumoissa oleviin lenkkeihin.\u00a0 Pitk\u00e4t narut s\u00e4ilyv\u00e4t j\u00e4rjestyksess\u00e4 kotaa pakattaessa, ja narujen paikkaa on tarvittaessa nopea vaihtaa.<span style=\"color: #ff0000;\"><br \/>\n<\/span><\/p>\n","protected":false},"featured_media":6598,"comment_status":"closed","ping_status":"closed","template":"","meta":[],"_links":{"self":[{"href":"https:\/\/www.tuntsa.fi\/kauppa\/index.php?rest_route=\/wp\/v2\/product\/6597"}],"collection":[{"href":"https:\/\/www.tuntsa.fi\/kauppa\/index.php?rest_route=\/wp\/v2\/product"}],"about":[{"href":"https:\/\/www.tuntsa.fi\/kauppa\/index.php?rest_route=\/wp\/v2\/types\/product"}],"replies":[{"embeddable":true,"href":"https:\/\/www.tuntsa.fi\/kauppa\/index.php?rest_route=%2Fwp%2Fv2%2Fcomments&post=6597"}],"wp:featuredmedia":[{"embeddable":true,"href":"https:\/\/www.tuntsa.fi\/kauppa\/index.php?rest_route=\/wp\/v2\/media\/6598"}],"wp:attachment":[{"href":"https:\/\/www.tuntsa.fi\/kauppa\/index.php?rest_route=%2Fwp%2Fv2%2Fmedia&parent=6597"}],"curies":[{"name":"wp","href":"https:\/\/api.w.org\/{rel}","templated":true}]}}