{"id":603,"date":"2013-07-02T11:16:38","date_gmt":"2013-07-02T08:16:38","guid":{"rendered":"http:\/\/www.tuntsakauppa.fi\/fi\/?post_type=product&#038;p=603"},"modified":"2026-03-31T09:02:41","modified_gmt":"2026-03-31T06:02:41","slug":"nyorikiristimet-5kpl","status":"publish","type":"product","link":"https:\/\/www.tuntsa.fi\/kauppa\/?product=nyorikiristimet-5kpl","title":{"rendered":"Ny\u00f6rikiristimet 5kpl"},"content":{"rendered":"","protected":false},"excerpt":{"rendered":"<p>Yksinkertainen alumiininen ny\u00f6rikiristin kodan tai teltan narujen pikakiristykseen &#8211; tai ihan mihin vain tarkoitukseen keksit kyseist\u00e4 metallil\u00e4tk\u00e4\u00e4 k\u00e4ytt\u00e4\u00e4. Ny\u00f6rikiristimet niputettuna 5kpl:n pakettiin.<\/p>\n","protected":false},"featured_media":1977,"comment_status":"closed","ping_status":"closed","template":"","meta":[],"_links":{"self":[{"href":"https:\/\/www.tuntsa.fi\/kauppa\/index.php?rest_route=\/wp\/v2\/product\/603"}],"collection":[{"href":"https:\/\/www.tuntsa.fi\/kauppa\/index.php?rest_route=\/wp\/v2\/product"}],"about":[{"href":"https:\/\/www.tuntsa.fi\/kauppa\/index.php?rest_route=\/wp\/v2\/types\/product"}],"replies":[{"embeddable":true,"href":"https:\/\/www.tuntsa.fi\/kauppa\/index.php?rest_route=%2Fwp%2Fv2%2Fcomments&post=603"}],"wp:featuredmedia":[{"embeddable":true,"href":"https:\/\/www.tuntsa.fi\/kauppa\/index.php?rest_route=\/wp\/v2\/media\/1977"}],"wp:attachment":[{"href":"https:\/\/www.tuntsa.fi\/kauppa\/index.php?rest_route=%2Fwp%2Fv2%2Fmedia&parent=603"}],"curies":[{"name":"wp","href":"https:\/\/api.w.org\/{rel}","templated":true}]}}