{"id":597,"date":"2013-07-02T09:42:38","date_gmt":"2013-07-02T06:42:38","guid":{"rendered":"http:\/\/www.tuntsakauppa.fi\/fi\/?post_type=product&#038;p=597"},"modified":"2026-03-30T15:31:20","modified_gmt":"2026-03-30T12:31:20","slug":"myrskynaru-pussi","status":"publish","type":"product","link":"https:\/\/www.tuntsa.fi\/kauppa\/?product=myrskynaru-pussi","title":{"rendered":"Myrskynaru-pussi"},"content":{"rendered":"<p><a href=\"http:\/\/www.tuntsa.fi\/kauppa\/wp-content\/uploads\/2013\/03\/DSC01396.jpg\"><img loading=\"lazy\" class=\"alignright size-thumbnail wp-image-587\" src=\"http:\/\/www.tuntsa.fi\/kauppa\/wp-content\/uploads\/2013\/03\/DSC01396-150x150.jpg\" alt=\"Ny\u00f6rinkiristin\" width=\"150\" height=\"150\" srcset=\"https:\/\/www.tuntsa.fi\/kauppa\/wp-content\/uploads\/2013\/03\/DSC01396-150x150.jpg 150w, https:\/\/www.tuntsa.fi\/kauppa\/wp-content\/uploads\/2013\/03\/DSC01396-300x300.jpg 300w, https:\/\/www.tuntsa.fi\/kauppa\/wp-content\/uploads\/2013\/03\/DSC01396-90x90.jpg 90w, https:\/\/www.tuntsa.fi\/kauppa\/wp-content\/uploads\/2013\/03\/DSC01396-536x536.jpg 536w, https:\/\/www.tuntsa.fi\/kauppa\/wp-content\/uploads\/2013\/03\/DSC01396-268x268.jpg 268w\" sizes=\"(max-width: 150px) 100vw, 150px\" \/><\/a><a href=\"http:\/\/www.tuntsa.fi\/kauppa\/wp-content\/uploads\/2013\/03\/DSC01397.jpg\"><img loading=\"lazy\" class=\"alignright size-thumbnail wp-image-588\" src=\"http:\/\/www.tuntsa.fi\/kauppa\/wp-content\/uploads\/2013\/03\/DSC01397-150x150.jpg\" alt=\"Suljettava pussi myrskynarulle\" width=\"150\" height=\"150\" srcset=\"https:\/\/www.tuntsa.fi\/kauppa\/wp-content\/uploads\/2013\/03\/DSC01397-150x150.jpg 150w, https:\/\/www.tuntsa.fi\/kauppa\/wp-content\/uploads\/2013\/03\/DSC01397-300x300.jpg 300w, https:\/\/www.tuntsa.fi\/kauppa\/wp-content\/uploads\/2013\/03\/DSC01397-90x90.jpg 90w, https:\/\/www.tuntsa.fi\/kauppa\/wp-content\/uploads\/2013\/03\/DSC01397-536x536.jpg 536w, https:\/\/www.tuntsa.fi\/kauppa\/wp-content\/uploads\/2013\/03\/DSC01397-268x268.jpg 268w\" sizes=\"(max-width: 150px) 100vw, 150px\" \/><\/a><strong>MONTA ETUA PIENEST\u00c4 KEKSINN\u00d6ST\u00c4<\/strong><\/p>\n<ol>\n<li>Narupussin toisessa reunassa on pitkulainen nappi, joka on helppo pujottaa kodan kiinnityslenkkiin, ja pussi pysyy mukana kotapakkauksen sis\u00e4ll\u00e4.<\/li>\n<li>Myrskynaruja voi hankkia vaikka kaikkiin kodan saumoihin varmistamaan tukeva pystytys kovallakin tuulella, ja silti pakattaessa ei synny sotkua pitkist\u00e4 naruista<\/li>\n<li>Narut eiv\u00e4t sotkeudu kosteallakaan kelill\u00e4 kun ne on heti irrotuksen j\u00e4lkeen helppo niputtaa takaisin omaan pussiinsa.<\/li>\n<li>Pussin eli myrskynarun kiinnityspistett\u00e4 on nopea vaihtaa tuulen suunnan mukaan koska ei tarvita solmuja, vain nappikiinnityksen irroitus ja siirto uuteen kiinnityslenkkiin<\/li>\n<li>Jokaisessa myrskynarussa on my\u00f6s ny\u00f6rikiristin nopeaa narujen kiristyst\u00e4 varten<\/li>\n<\/ol>\n","protected":false},"excerpt":{"rendered":"<p>Tuntsa-myrskynaru on pakattu k\u00e4yt\u00e4nn\u00f6lliseen pussiin, joka kiinnitet\u00e4\u00e4n haluttuun kiinnityslenkkiin kodan ulkopuolelle. Pitk\u00e4t narut s\u00e4ilyv\u00e4t j\u00e4rjestyksess\u00e4 kotaa pakattaessa, ja narun paikkaa on tarvittaessa nopea vaihtaa.<br \/>\n<span style=\"color: #ff0000;\">Kokeile my\u00f6s teltan kanssa!<\/span><\/p>\n","protected":false},"featured_media":1976,"comment_status":"closed","ping_status":"closed","template":"","meta":[],"_links":{"self":[{"href":"https:\/\/www.tuntsa.fi\/kauppa\/index.php?rest_route=\/wp\/v2\/product\/597"}],"collection":[{"href":"https:\/\/www.tuntsa.fi\/kauppa\/index.php?rest_route=\/wp\/v2\/product"}],"about":[{"href":"https:\/\/www.tuntsa.fi\/kauppa\/index.php?rest_route=\/wp\/v2\/types\/product"}],"replies":[{"embeddable":true,"href":"https:\/\/www.tuntsa.fi\/kauppa\/index.php?rest_route=%2Fwp%2Fv2%2Fcomments&post=597"}],"wp:featuredmedia":[{"embeddable":true,"href":"https:\/\/www.tuntsa.fi\/kauppa\/index.php?rest_route=\/wp\/v2\/media\/1976"}],"wp:attachment":[{"href":"https:\/\/www.tuntsa.fi\/kauppa\/index.php?rest_route=%2Fwp%2Fv2%2Fmedia&parent=597"}],"curies":[{"name":"wp","href":"https:\/\/api.w.org\/{rel}","templated":true}]}}