{"id":472,"date":"2013-03-24T18:46:07","date_gmt":"2013-03-24T16:46:07","guid":{"rendered":"http:\/\/www.tuntsakauppa.fi\/fi\/?post_type=product&#038;p=472"},"modified":"2025-07-13T18:24:18","modified_gmt":"2025-07-13T15:24:18","slug":"472","status":"publish","type":"product","link":"https:\/\/www.tuntsa.fi\/kauppa\/?product=472","title":{"rendered":"Juuvi-keittotaso"},"content":{"rendered":"","protected":false},"excerpt":{"rendered":"<p><b>Juuvi-polttimeen saa lis\u00e4varusteena monik\u00e4ytt\u00f6isen keittotason &#8211; lis\u00e4tilaa keittelyyn ja turvallisuutta tulisteluun!<\/b><\/p>\n<p>Juuvi-tuotteista lis\u00e4tietoa valmistajan sivuilta.<\/p>\n","protected":false},"featured_media":476,"comment_status":"open","ping_status":"closed","template":"","meta":[],"_links":{"self":[{"href":"https:\/\/www.tuntsa.fi\/kauppa\/index.php?rest_route=\/wp\/v2\/product\/472"}],"collection":[{"href":"https:\/\/www.tuntsa.fi\/kauppa\/index.php?rest_route=\/wp\/v2\/product"}],"about":[{"href":"https:\/\/www.tuntsa.fi\/kauppa\/index.php?rest_route=\/wp\/v2\/types\/product"}],"replies":[{"embeddable":true,"href":"https:\/\/www.tuntsa.fi\/kauppa\/index.php?rest_route=%2Fwp%2Fv2%2Fcomments&post=472"}],"wp:featuredmedia":[{"embeddable":true,"href":"https:\/\/www.tuntsa.fi\/kauppa\/index.php?rest_route=\/wp\/v2\/media\/476"}],"wp:attachment":[{"href":"https:\/\/www.tuntsa.fi\/kauppa\/index.php?rest_route=%2Fwp%2Fv2%2Fmedia&parent=472"}],"curies":[{"name":"wp","href":"https:\/\/api.w.org\/{rel}","templated":true}]}}