{"id":383,"date":"2013-03-16T16:44:54","date_gmt":"2013-03-16T14:44:54","guid":{"rendered":"http:\/\/www.tuntsakauppa.fi\/fi\/?product=tuntsapaita-easy-oliivi-vihrea"},"modified":"2021-03-15T08:57:13","modified_gmt":"2021-03-15T06:57:13","slug":"tuntsapaita-easy-oliivi-vihrea","status":"publish","type":"product","link":"https:\/\/www.tuntsa.fi\/kauppa\/?product=tuntsapaita-easy-oliivi-vihrea","title":{"rendered":"Tuntsapaita-Easy, oliivi-vihre\u00e4"},"content":{"rendered":"<p><a href=\"http:\/\/www.tuntsa.fi\/kauppa\/wp-content\/uploads\/2013\/08\/mittataulukot_tuntsapaita.jpg\"><img loading=\"lazy\" class=\"alignnone size-medium wp-image-651\" src=\"http:\/\/www.tuntsa.fi\/kauppa\/wp-content\/uploads\/2013\/08\/mittataulukot_tuntsapaita-186x300.jpg\" alt=\"mittataulukot_tuntsapaita\" width=\"186\" height=\"300\" srcset=\"https:\/\/www.tuntsa.fi\/kauppa\/wp-content\/uploads\/2013\/08\/mittataulukot_tuntsapaita-186x300.jpg 186w, https:\/\/www.tuntsa.fi\/kauppa\/wp-content\/uploads\/2013\/08\/mittataulukot_tuntsapaita.jpg 400w\" sizes=\"(max-width: 186px) 100vw, 186px\" \/><\/a><\/p>\n","protected":false},"excerpt":{"rendered":"<p><strong>Nyt tuttu kentt\u00e4paita my\u00f6s uudella helppohoitoisella EasyCare-kankaalla!<\/strong><br \/>\nUusi EasyCare-materiaali on perinteist\u00e4 Tuntsapaitaa ohuempi, &#8221;silitt\u00e4m\u00e4tt\u00e4 siisti&#8221; paita moneen menoon &#8211; ja sekin taattua Tuntsa-laatua.<\/p>\n","protected":false},"featured_media":392,"comment_status":"closed","ping_status":"closed","template":"","meta":[],"_links":{"self":[{"href":"https:\/\/www.tuntsa.fi\/kauppa\/index.php?rest_route=\/wp\/v2\/product\/383"}],"collection":[{"href":"https:\/\/www.tuntsa.fi\/kauppa\/index.php?rest_route=\/wp\/v2\/product"}],"about":[{"href":"https:\/\/www.tuntsa.fi\/kauppa\/index.php?rest_route=\/wp\/v2\/types\/product"}],"replies":[{"embeddable":true,"href":"https:\/\/www.tuntsa.fi\/kauppa\/index.php?rest_route=%2Fwp%2Fv2%2Fcomments&post=383"}],"wp:featuredmedia":[{"embeddable":true,"href":"https:\/\/www.tuntsa.fi\/kauppa\/index.php?rest_route=\/wp\/v2\/media\/392"}],"wp:attachment":[{"href":"https:\/\/www.tuntsa.fi\/kauppa\/index.php?rest_route=%2Fwp%2Fv2%2Fmedia&parent=383"}],"curies":[{"name":"wp","href":"https:\/\/api.w.org\/{rel}","templated":true}]}}