{"id":363,"date":"2013-03-16T15:49:54","date_gmt":"2013-03-16T13:49:54","guid":{"rendered":"http:\/\/www.tuntsakauppa.fi\/fi\/?product=tuntsapaita-harmaa"},"modified":"2026-04-25T14:12:43","modified_gmt":"2026-04-25T11:12:43","slug":"tuntsapaita-harmaa","status":"publish","type":"product","link":"https:\/\/www.tuntsa.fi\/kauppa\/?product=tuntsapaita-harmaa","title":{"rendered":"Tuntsapaita harmaa"},"content":{"rendered":"<p><a href=\"http:\/\/www.tuntsa.fi\/kauppa\/wp-content\/uploads\/2013\/08\/mittataulukot_tuntsapaita.jpg\"><img loading=\"lazy\" class=\"alignnone size-medium wp-image-651\" src=\"http:\/\/www.tuntsa.fi\/kauppa\/wp-content\/uploads\/2013\/08\/mittataulukot_tuntsapaita-186x300.jpg\" alt=\"mittataulukot_tuntsapaita\" width=\"186\" height=\"300\" srcset=\"https:\/\/www.tuntsa.fi\/kauppa\/wp-content\/uploads\/2013\/08\/mittataulukot_tuntsapaita-186x300.jpg 186w, https:\/\/www.tuntsa.fi\/kauppa\/wp-content\/uploads\/2013\/08\/mittataulukot_tuntsapaita.jpg 400w\" sizes=\"(max-width: 186px) 100vw, 186px\" \/><\/a><\/p>\n","protected":false},"excerpt":{"rendered":"<p>Kentt\u00e4paita kest\u00e4\u00e4 vuodesta toiseen! L\u00f6ytyi uusi miellytt\u00e4v\u00e4 ja kulutusta kest\u00e4v\u00e4 materiaali 100 % puuvilla peltipaitaan. Yksinkertainen, mukava paitamalli tekev\u00e4t t\u00e4st\u00e4 suosikistamme todellisen &#8221;pese-ja-k\u00e4yt\u00e4&#8221; asusteen. <strong>Kokoja S-XXXL saakka !<\/strong><\/p>\n","protected":false},"featured_media":372,"comment_status":"closed","ping_status":"closed","template":"","meta":[],"_links":{"self":[{"href":"https:\/\/www.tuntsa.fi\/kauppa\/index.php?rest_route=\/wp\/v2\/product\/363"}],"collection":[{"href":"https:\/\/www.tuntsa.fi\/kauppa\/index.php?rest_route=\/wp\/v2\/product"}],"about":[{"href":"https:\/\/www.tuntsa.fi\/kauppa\/index.php?rest_route=\/wp\/v2\/types\/product"}],"replies":[{"embeddable":true,"href":"https:\/\/www.tuntsa.fi\/kauppa\/index.php?rest_route=%2Fwp%2Fv2%2Fcomments&post=363"}],"wp:featuredmedia":[{"embeddable":true,"href":"https:\/\/www.tuntsa.fi\/kauppa\/index.php?rest_route=\/wp\/v2\/media\/372"}],"wp:attachment":[{"href":"https:\/\/www.tuntsa.fi\/kauppa\/index.php?rest_route=%2Fwp%2Fv2%2Fmedia&parent=363"}],"curies":[{"name":"wp","href":"https:\/\/api.w.org\/{rel}","templated":true}]}}