{"id":3466,"date":"2019-09-06T08:48:13","date_gmt":"2019-09-06T05:48:13","guid":{"rendered":"https:\/\/www.tuntsa.fi\/kauppa\/?post_type=product&#038;p=3466"},"modified":"2023-10-08T15:27:43","modified_gmt":"2023-10-08T12:27:43","slug":"anorakki-winter-woodland-m-05","status":"publish","type":"product","link":"https:\/\/www.tuntsa.fi\/kauppa\/?product=anorakki-winter-woodland-m-05","title":{"rendered":"Anorakki, talvikuvio M-05"},"content":{"rendered":"<p><a href=\"http:\/\/www.tuntsa.fi\/kauppa\/wp-content\/uploads\/2013\/08\/mittataulukot_anorakki.jpg\"><img loading=\"lazy\" class=\"alignnone size-medium wp-image-648\" src=\"http:\/\/www.tuntsa.fi\/kauppa\/wp-content\/uploads\/2013\/08\/mittataulukot_anorakki-186x300.jpg\" alt=\"mittataulukot_anorakki\" width=\"186\" height=\"300\" srcset=\"https:\/\/www.tuntsa.fi\/kauppa\/wp-content\/uploads\/2013\/08\/mittataulukot_anorakki-186x300.jpg 186w, https:\/\/www.tuntsa.fi\/kauppa\/wp-content\/uploads\/2013\/08\/mittataulukot_anorakki.jpg 400w\" sizes=\"(max-width: 186px) 100vw, 186px\" \/><\/a><\/p>\n","protected":false},"excerpt":{"rendered":"<p>Perinteinen rintataskullinen anorakki laadukkaasta vett\u00e4 ja likaa hylkiv\u00e4st\u00e4 kankaasta, 70 polyester\/30 puuvilla<\/p>\n<p>Maastokuosilla painettu Viking soveltuu ominaisuuksiensa ansiosta vaativiin talviolosuhteisiin. Kangas on kest\u00e4v\u00e4 ja silti sis\u00e4pinnan puuvillan ansiosta miellytt\u00e4v\u00e4n tuntuinen. Kangas hylkii hyvin vett\u00e4 ja likaa.\u00a0 M05 talvikuosin v\u00e4ritys on suunniteltu Suomen talviseen luontoon. Kangas t\u00e4ytt\u00e4\u00e4 puolustusvoimien tiukat laatukriteerit.<\/p>\n<div class=\"washing-instructions\">Pesuohje <img loading=\"lazy\" class=\"\" title=\"\" src=\"https:\/\/www.foxa.fi\/sites\/default\/files\/styles\/thumbnail\/public\/2017-12\/pesu60.jpg?itok=s5qZ3rKh\" alt=\"\" width=\"22\" height=\"16\" \/> <img loading=\"lazy\" class=\"\" title=\"\" src=\"https:\/\/www.foxa.fi\/sites\/default\/files\/styles\/thumbnail\/public\/2017-12\/valkaisu_kielletty.jpg?itok=wmVFJgQ6\" alt=\"\" width=\"19\" height=\"19\" \/> <img loading=\"lazy\" class=\"\" title=\"\" src=\"https:\/\/www.foxa.fi\/sites\/default\/files\/styles\/thumbnail\/public\/2017-12\/silitys_kaksi.jpg?itok=rmHMmYtM\" alt=\"\" width=\"27\" height=\"16\" \/> <img loading=\"lazy\" class=\"\" title=\"\" src=\"https:\/\/www.foxa.fi\/sites\/default\/files\/styles\/thumbnail\/public\/2017-12\/liuotin.jpg?itok=8-rTX_Gg\" alt=\"\" width=\"20\" height=\"19\" \/> <img loading=\"lazy\" class=\"\" title=\"\" src=\"https:\/\/www.foxa.fi\/sites\/default\/files\/styles\/thumbnail\/public\/2017-12\/rumpu60.jpg?itok=JqHzw37G\" alt=\"\" width=\"19\" height=\"19\" \/><\/div>\n","protected":false},"featured_media":3488,"comment_status":"closed","ping_status":"closed","template":"","meta":[],"_links":{"self":[{"href":"https:\/\/www.tuntsa.fi\/kauppa\/index.php?rest_route=\/wp\/v2\/product\/3466"}],"collection":[{"href":"https:\/\/www.tuntsa.fi\/kauppa\/index.php?rest_route=\/wp\/v2\/product"}],"about":[{"href":"https:\/\/www.tuntsa.fi\/kauppa\/index.php?rest_route=\/wp\/v2\/types\/product"}],"replies":[{"embeddable":true,"href":"https:\/\/www.tuntsa.fi\/kauppa\/index.php?rest_route=%2Fwp%2Fv2%2Fcomments&post=3466"}],"wp:featuredmedia":[{"embeddable":true,"href":"https:\/\/www.tuntsa.fi\/kauppa\/index.php?rest_route=\/wp\/v2\/media\/3488"}],"wp:attachment":[{"href":"https:\/\/www.tuntsa.fi\/kauppa\/index.php?rest_route=%2Fwp%2Fv2%2Fmedia&parent=3466"}],"curies":[{"name":"wp","href":"https:\/\/api.w.org\/{rel}","templated":true}]}}