{"id":283,"date":"2013-03-14T10:45:45","date_gmt":"2013-03-14T08:45:45","guid":{"rendered":"http:\/\/www.tuntsakauppa.fi\/fi\/?product=anorakki-manty-kopioi"},"modified":"2021-11-15T07:51:32","modified_gmt":"2021-11-15T05:51:32","slug":"anorakki-metsa","status":"publish","type":"product","link":"https:\/\/www.tuntsa.fi\/kauppa\/?product=anorakki-metsa","title":{"rendered":"Loden sarka-anorakki"},"content":{"rendered":"<p><a href=\"http:\/\/www.tuntsa.fi\/kauppa\/wp-content\/uploads\/2013\/08\/mittataulukot_anorakki.jpg\"><img loading=\"lazy\" class=\"alignnone size-medium wp-image-648\" src=\"http:\/\/www.tuntsa.fi\/kauppa\/wp-content\/uploads\/2013\/08\/mittataulukot_anorakki-186x300.jpg\" alt=\"mittataulukot_anorakki\" width=\"186\" height=\"300\" srcset=\"https:\/\/www.tuntsa.fi\/kauppa\/wp-content\/uploads\/2013\/08\/mittataulukot_anorakki-186x300.jpg 186w, https:\/\/www.tuntsa.fi\/kauppa\/wp-content\/uploads\/2013\/08\/mittataulukot_anorakki.jpg 400w\" sizes=\"(max-width: 186px) 100vw, 186px\" \/><\/a><\/p>\n","protected":false},"excerpt":{"rendered":"<p>Perinteinen rintataskullinen anorakki laadukasta Loden sarkaa<\/p>\n<p>100 % villaa v\u00e4ri mets\u00e4nvihre\u00e4<\/p>\n<p>Valitse koko:<\/p>\n","protected":false},"featured_media":1354,"comment_status":"closed","ping_status":"closed","template":"","meta":[],"_links":{"self":[{"href":"https:\/\/www.tuntsa.fi\/kauppa\/index.php?rest_route=\/wp\/v2\/product\/283"}],"collection":[{"href":"https:\/\/www.tuntsa.fi\/kauppa\/index.php?rest_route=\/wp\/v2\/product"}],"about":[{"href":"https:\/\/www.tuntsa.fi\/kauppa\/index.php?rest_route=\/wp\/v2\/types\/product"}],"replies":[{"embeddable":true,"href":"https:\/\/www.tuntsa.fi\/kauppa\/index.php?rest_route=%2Fwp%2Fv2%2Fcomments&post=283"}],"wp:featuredmedia":[{"embeddable":true,"href":"https:\/\/www.tuntsa.fi\/kauppa\/index.php?rest_route=\/wp\/v2\/media\/1354"}],"wp:attachment":[{"href":"https:\/\/www.tuntsa.fi\/kauppa\/index.php?rest_route=%2Fwp%2Fv2%2Fmedia&parent=283"}],"curies":[{"name":"wp","href":"https:\/\/api.w.org\/{rel}","templated":true}]}}