{"id":255,"date":"2013-03-13T21:12:57","date_gmt":"2013-03-13T19:12:57","guid":{"rendered":"http:\/\/www.tuntsakauppa.fi\/fi\/?product=anorakki-tumma-vihrea-kopioi"},"modified":"2026-02-20T20:33:22","modified_gmt":"2026-02-20T18:33:22","slug":"anorakki-khaki-vihrea","status":"publish","type":"product","link":"https:\/\/www.tuntsa.fi\/kauppa\/?product=anorakki-khaki-vihrea","title":{"rendered":"Anorakki, khaki-vihre\u00e4"},"content":{"rendered":"<p><a href=\"http:\/\/www.tuntsa.fi\/kauppa\/wp-content\/uploads\/2013\/08\/mittataulukot_anorakki.jpg\"><img loading=\"lazy\" class=\"alignnone size-medium wp-image-648\" src=\"http:\/\/www.tuntsa.fi\/kauppa\/wp-content\/uploads\/2013\/08\/mittataulukot_anorakki-186x300.jpg\" alt=\"mittataulukot_anorakki\" width=\"186\" height=\"300\" srcset=\"https:\/\/www.tuntsa.fi\/kauppa\/wp-content\/uploads\/2013\/08\/mittataulukot_anorakki-186x300.jpg 186w, https:\/\/www.tuntsa.fi\/kauppa\/wp-content\/uploads\/2013\/08\/mittataulukot_anorakki.jpg 400w\" sizes=\"(max-width: 186px) 100vw, 186px\" \/><\/a><\/p>\n","protected":false},"excerpt":{"rendered":"<p>Perinteinen rintataskullinen anorakki laadukkaasta vett\u00e4 ja likaa hylkiv\u00e4st\u00e4 kankaasta.V\u00e4ri kuvasta poiketen hiukan oliiviin vivahtava.<\/p>\n","protected":false},"featured_media":5032,"comment_status":"closed","ping_status":"closed","template":"","meta":[],"_links":{"self":[{"href":"https:\/\/www.tuntsa.fi\/kauppa\/index.php?rest_route=\/wp\/v2\/product\/255"}],"collection":[{"href":"https:\/\/www.tuntsa.fi\/kauppa\/index.php?rest_route=\/wp\/v2\/product"}],"about":[{"href":"https:\/\/www.tuntsa.fi\/kauppa\/index.php?rest_route=\/wp\/v2\/types\/product"}],"replies":[{"embeddable":true,"href":"https:\/\/www.tuntsa.fi\/kauppa\/index.php?rest_route=%2Fwp%2Fv2%2Fcomments&post=255"}],"wp:featuredmedia":[{"embeddable":true,"href":"https:\/\/www.tuntsa.fi\/kauppa\/index.php?rest_route=\/wp\/v2\/media\/5032"}],"wp:attachment":[{"href":"https:\/\/www.tuntsa.fi\/kauppa\/index.php?rest_route=%2Fwp%2Fv2%2Fmedia&parent=255"}],"curies":[{"name":"wp","href":"https:\/\/api.w.org\/{rel}","templated":true}]}}