{"id":2372,"date":"2018-03-02T13:35:18","date_gmt":"2018-03-02T11:35:18","guid":{"rendered":"http:\/\/www.tuntsa.fi\/kauppa\/?post_type=product&#038;p=2372"},"modified":"2026-03-17T07:35:41","modified_gmt":"2026-03-17T05:35:41","slug":"lapivienti-kiinnitysta-varten-kotaan","status":"publish","type":"product","link":"https:\/\/www.tuntsa.fi\/kauppa\/?product=lapivienti-kiinnitysta-varten-kotaan","title":{"rendered":"L\u00e4pivienti kiinnityst\u00e4 varten kotaan"},"content":{"rendered":"<p>Valmiit\u00a0 osat\u00a0 l\u00e4pivienti\u00e4 varten vaelluskotiin. Kiinnitet\u00e4\u00e4n ompelemalla ja itse l\u00e4pivienti esim pop-niiteill\u00e4.<\/p>\n","protected":false},"excerpt":{"rendered":"<p>Tarvittavat osat l\u00e4piennin asentamiseen kotaan . Sijoitetaan vetoketjun yl\u00e4puolelle. Ovaalin muotoinen uusi malli. L\u00e4pivienti\u00e4 varten vahvistetaan kota molemminpuolin vahvalla palosuojatulla kotakankaalla, jota k\u00e4ytet\u00e4\u00e4n lapinkotien materiaalina. L\u00e4pp\u00e4 sulkee aukon kun sit\u00e4 ei k\u00e4ytet\u00e4.<\/p>\n","protected":false},"featured_media":4793,"comment_status":"closed","ping_status":"closed","template":"","meta":[],"_links":{"self":[{"href":"https:\/\/www.tuntsa.fi\/kauppa\/index.php?rest_route=\/wp\/v2\/product\/2372"}],"collection":[{"href":"https:\/\/www.tuntsa.fi\/kauppa\/index.php?rest_route=\/wp\/v2\/product"}],"about":[{"href":"https:\/\/www.tuntsa.fi\/kauppa\/index.php?rest_route=\/wp\/v2\/types\/product"}],"replies":[{"embeddable":true,"href":"https:\/\/www.tuntsa.fi\/kauppa\/index.php?rest_route=%2Fwp%2Fv2%2Fcomments&post=2372"}],"wp:featuredmedia":[{"embeddable":true,"href":"https:\/\/www.tuntsa.fi\/kauppa\/index.php?rest_route=\/wp\/v2\/media\/4793"}],"wp:attachment":[{"href":"https:\/\/www.tuntsa.fi\/kauppa\/index.php?rest_route=%2Fwp%2Fv2%2Fmedia&parent=2372"}],"curies":[{"name":"wp","href":"https:\/\/api.w.org\/{rel}","templated":true}]}}