{"id":237,"date":"2013-03-13T21:01:59","date_gmt":"2013-03-13T19:01:59","guid":{"rendered":"http:\/\/www.tuntsakauppa.fi\/fi\/?product=anorakki-musta"},"modified":"2026-05-01T16:24:36","modified_gmt":"2026-05-01T13:24:36","slug":"anorakki-musta","status":"publish","type":"product","link":"https:\/\/www.tuntsa.fi\/kauppa\/?product=anorakki-musta","title":{"rendered":"Anorakki, maasto m-05 varusmieskangas"},"content":{"rendered":"<p><a href=\"http:\/\/www.tuntsa.fi\/kauppa\/wp-content\/uploads\/2013\/08\/mittataulukot_anorakki.jpg\"><img loading=\"lazy\" class=\"alignnone size-medium wp-image-648\" src=\"http:\/\/www.tuntsa.fi\/kauppa\/wp-content\/uploads\/2013\/08\/mittataulukot_anorakki-186x300.jpg\" alt=\"mittataulukot_anorakki\" width=\"186\" height=\"300\" srcset=\"https:\/\/www.tuntsa.fi\/kauppa\/wp-content\/uploads\/2013\/08\/mittataulukot_anorakki-186x300.jpg 186w, https:\/\/www.tuntsa.fi\/kauppa\/wp-content\/uploads\/2013\/08\/mittataulukot_anorakki.jpg 400w\" sizes=\"(max-width: 186px) 100vw, 186px\" \/><\/a><\/p>\n","protected":false},"excerpt":{"rendered":"<p>Cooltex 3 M05 Summer Woodland on aito ja alkuper\u00e4inen Suomen armeijan kes\u00e4maastokangas. Kankaan kudontarakenteen ansiosta pinta on kest\u00e4v\u00e4\u00e4 polyesteri\u00e4 ja sis\u00e4pinta miellytt\u00e4v\u00e4\u00e4 puuvillaa. Cooltex 3 M05 Summer Woodland t\u00e4ytt\u00e4\u00e4 puolustusvoimien tiukat vaatimukset ja on my\u00f6s teollisuuspest\u00e4v\u00e4. Kangas on todettu kovassa k\u00e4yt\u00f6ss\u00e4 hyvin toimivaksi ja kest\u00e4v\u00e4ksi materiaaliksi.<\/p>\n<p>Perinteinen rintataskullinen anorakki laadukkaasta vett\u00e4 ja likaa hylkiv\u00e4st\u00e4 kankaasta. M-05 kuosi, varusmiesten k\u00e4yt\u00f6ss\u00e4 oleva materiaali.<\/p>\n<p>&nbsp;<\/p>\n<p><strong>\u00a0<\/strong><\/p>\n<p>&nbsp;<\/p>\n","protected":false},"featured_media":2354,"comment_status":"closed","ping_status":"closed","template":"","meta":[],"_links":{"self":[{"href":"https:\/\/www.tuntsa.fi\/kauppa\/index.php?rest_route=\/wp\/v2\/product\/237"}],"collection":[{"href":"https:\/\/www.tuntsa.fi\/kauppa\/index.php?rest_route=\/wp\/v2\/product"}],"about":[{"href":"https:\/\/www.tuntsa.fi\/kauppa\/index.php?rest_route=\/wp\/v2\/types\/product"}],"replies":[{"embeddable":true,"href":"https:\/\/www.tuntsa.fi\/kauppa\/index.php?rest_route=%2Fwp%2Fv2%2Fcomments&post=237"}],"wp:featuredmedia":[{"embeddable":true,"href":"https:\/\/www.tuntsa.fi\/kauppa\/index.php?rest_route=\/wp\/v2\/media\/2354"}],"wp:attachment":[{"href":"https:\/\/www.tuntsa.fi\/kauppa\/index.php?rest_route=%2Fwp%2Fv2%2Fmedia&parent=237"}],"curies":[{"name":"wp","href":"https:\/\/api.w.org\/{rel}","templated":true}]}}