{"id":2368,"date":"2018-03-02T13:20:16","date_gmt":"2018-03-02T11:20:16","guid":{"rendered":"http:\/\/www.tuntsa.fi\/kauppa\/?post_type=product&#038;p=2368"},"modified":"2026-04-19T11:12:22","modified_gmt":"2026-04-19T08:12:22","slug":"lapivienti-ommeltuna-kotaan","status":"publish","type":"product","link":"https:\/\/www.tuntsa.fi\/kauppa\/?product=lapivienti-ommeltuna-kotaan","title":{"rendered":"L\u00e4pivienti ommeltuna kotaan"},"content":{"rendered":"<p>Tilauksesta ompelemme l\u00e4piviennin valmiiksi kotaan, <em>toimitusaika 3-5 ty\u00f6p\u00e4iv\u00e4\u00e4<\/em>.\u00a0 Sijoitetaan vetoketjun yl\u00e4puolelle, l\u00e4pivienti ovaalin muotoinen. L\u00e4pivienti\u00e4 varten vahvistetaan kota molemminpuolin vahvalla palosuojatulla kotakankaalla, jota k\u00e4ytet\u00e4\u00e4n lapinkotien materiaalina. L\u00e4pp\u00e4 sulkee aukon kun sit\u00e4 ei k\u00e4ytet\u00e4.<\/p>\n<p>K\u00e4ytettyyn kotaan ompeluty\u00f6 hintaa lis\u00e4\u00e4 +15 \u20ac, eik\u00e4 kota saa olla nokinen.<\/p>\n","protected":false},"excerpt":{"rendered":"<p>Valmiiksi ommeltu l\u00e4pivienti vaelluskotiin. J\u00e4lkiasennuksena eri hinta\u00a0 (+ 15 \u20ac), soita ja kysy.<\/p>\n","protected":false},"featured_media":4793,"comment_status":"closed","ping_status":"closed","template":"","meta":[],"product_brand":[],"product_cat":[14,13],"product_tag":[98,99],"class_list":{"0":"post-2368","1":"product","2":"type-product","3":"status-publish","4":"has-post-thumbnail","6":"product_cat-lapinkodat","7":"product_cat-retkeily","8":"product_tag-lapivienti","9":"product_tag-vaelluskota","10":"pa_lisaosat-keskisalko","11":"pa_lisaosat-ilman_keskisalkoa","12":"pa_lisaosat-lapivientitarvikkeet","13":"pa_lisaosat-louevari","14":"post","15":"post-with-thumbnail","16":"post-with-thumbnail-large","18":"first","19":"instock","20":"taxable","21":"shipping-taxable","22":"purchasable","23":"product-type-simple"},"_links":{"self":[{"href":"https:\/\/www.tuntsa.fi\/kauppa\/index.php?rest_route=\/wp\/v2\/product\/2368","targetHints":{"allow":["GET"]}}],"collection":[{"href":"https:\/\/www.tuntsa.fi\/kauppa\/index.php?rest_route=\/wp\/v2\/product"}],"about":[{"href":"https:\/\/www.tuntsa.fi\/kauppa\/index.php?rest_route=\/wp\/v2\/types\/product"}],"replies":[{"embeddable":true,"href":"https:\/\/www.tuntsa.fi\/kauppa\/index.php?rest_route=%2Fwp%2Fv2%2Fcomments&post=2368"}],"wp:featuredmedia":[{"embeddable":true,"href":"https:\/\/www.tuntsa.fi\/kauppa\/index.php?rest_route=\/wp\/v2\/media\/4793"}],"wp:attachment":[{"href":"https:\/\/www.tuntsa.fi\/kauppa\/index.php?rest_route=%2Fwp%2Fv2%2Fmedia&parent=2368"}],"wp:term":[{"taxonomy":"product_brand","embeddable":true,"href":"https:\/\/www.tuntsa.fi\/kauppa\/index.php?rest_route=%2Fwp%2Fv2%2Fproduct_brand&post=2368"},{"taxonomy":"product_cat","embeddable":true,"href":"https:\/\/www.tuntsa.fi\/kauppa\/index.php?rest_route=%2Fwp%2Fv2%2Fproduct_cat&post=2368"},{"taxonomy":"product_tag","embeddable":true,"href":"https:\/\/www.tuntsa.fi\/kauppa\/index.php?rest_route=%2Fwp%2Fv2%2Fproduct_tag&post=2368"}],"curies":[{"name":"wp","href":"https:\/\/api.w.org\/{rel}","templated":true}]}}