{"id":23,"date":"2013-03-04T19:34:11","date_gmt":"2013-03-04T17:34:11","guid":{"rendered":"http:\/\/www.tuntsakauppa.fi\/fi\/?post_type=product&#038;p=23"},"modified":"2026-04-05T10:18:38","modified_gmt":"2026-04-05T07:18:38","slug":"tuntsa-vaelluskota-35m","status":"publish","type":"product","link":"https:\/\/www.tuntsa.fi\/kauppa\/?product=tuntsa-vaelluskota-35m","title":{"rendered":"Tuntsa\u00ae-vaelluskota 3,5m"},"content":{"rendered":"<p><a href=\"http:\/\/www.tuntsa.fi\/kauppa\/wp-content\/uploads\/2013\/03\/DSC01405.jpg\"><img loading=\"lazy\" class=\"alignright size-thumbnail wp-image-593\" src=\"http:\/\/www.tuntsa.fi\/kauppa\/wp-content\/uploads\/2013\/03\/DSC01405-150x150.jpg\" alt=\"Kodan sis\u00e4ll\u00e4 mahtuu hyvin seisomaan\" width=\"150\" height=\"150\" srcset=\"https:\/\/www.tuntsa.fi\/kauppa\/wp-content\/uploads\/2013\/03\/DSC01405-150x150.jpg 150w, https:\/\/www.tuntsa.fi\/kauppa\/wp-content\/uploads\/2013\/03\/DSC01405-300x300.jpg 300w, https:\/\/www.tuntsa.fi\/kauppa\/wp-content\/uploads\/2013\/03\/DSC01405-90x90.jpg 90w\" sizes=\"(max-width: 150px) 100vw, 150px\" \/><\/a>Kodan reilut tilat tekev\u00e4t siit\u00e4 houkuttelevan majoitusvaihtoehdon &#8211; kodassa pystyy hyvin jopa seisomaan, ja my\u00f6s lattiatilaa on reilusti kaikille varusteille.<\/p>\n<p>Kodan huipussa on helposti k\u00e4ytett\u00e4v\u00e4 savuaukko: koko huippu on avattu toimimaan savuaukkona, ja sen peitoksi laskeutuu erillinen huppu, joka sulkee aukon sateelta. Aukon kokoa on helppo s\u00e4\u00e4t\u00e4\u00e4 tulien mukaan, jolloin l\u00e4mp\u00f6\u00e4 ei my\u00f6sk\u00e4\u00e4n turhaan karkaa ulos kodasta.<\/p>\n<p>Keskisalkoa varten kodan huipussa on kest\u00e4v\u00e4 alumiininen kuppi, ja kangasosien ripustus on ratkaistu vahvoilla &#8221;turvavy\u00f6&#8221;-nauhoilla.<\/p>\n<p>Kaminaa varten l\u00e4pivienti saatavilla eri tilauksesta, my\u00f6s 4 m:n kotaan.<\/p>\n<p><strong>Varastossa 1 kpl l\u00e4piviennill\u00e4 ja 1 kpl ilman<\/strong><\/p>\n<p><strong><span style=\"color: #ff0000;\">UUSIA YKSITYISKOHTIA!<\/span><\/strong><\/p>\n<p><strong style=\"color: #f00;\"><a href=\"http:\/\/www.tuntsa.fi\/kauppa\/wp-content\/uploads\/2013\/03\/DSC01396.jpg\"><img loading=\"lazy\" class=\"alignnone size-thumbnail wp-image-587\" src=\"http:\/\/www.tuntsa.fi\/kauppa\/wp-content\/uploads\/2013\/03\/DSC01396-150x150.jpg\" alt=\"Ny\u00f6rinkiristin\" width=\"150\" height=\"150\" srcset=\"https:\/\/www.tuntsa.fi\/kauppa\/wp-content\/uploads\/2013\/03\/DSC01396-150x150.jpg 150w, https:\/\/www.tuntsa.fi\/kauppa\/wp-content\/uploads\/2013\/03\/DSC01396-300x300.jpg 300w, https:\/\/www.tuntsa.fi\/kauppa\/wp-content\/uploads\/2013\/03\/DSC01396-90x90.jpg 90w, https:\/\/www.tuntsa.fi\/kauppa\/wp-content\/uploads\/2013\/03\/DSC01396-536x536.jpg 536w, https:\/\/www.tuntsa.fi\/kauppa\/wp-content\/uploads\/2013\/03\/DSC01396-268x268.jpg 268w\" sizes=\"(max-width: 150px) 100vw, 150px\" \/><\/a>\u00a0<\/strong><a href=\"http:\/\/www.tuntsa.fi\/kauppa\/wp-content\/uploads\/2013\/03\/DSC01397.jpg\"><img loading=\"lazy\" class=\"size-thumbnail wp-image-588 alignnone\" title=\"Suljettava pussi myrskynaruille\" src=\"http:\/\/www.tuntsa.fi\/kauppa\/wp-content\/uploads\/2013\/03\/DSC01397-150x150.jpg\" alt=\"Suljettava pussi myrskynaruille\" width=\"150\" height=\"150\" srcset=\"https:\/\/www.tuntsa.fi\/kauppa\/wp-content\/uploads\/2013\/03\/DSC01397-150x150.jpg 150w, https:\/\/www.tuntsa.fi\/kauppa\/wp-content\/uploads\/2013\/03\/DSC01397-300x300.jpg 300w, https:\/\/www.tuntsa.fi\/kauppa\/wp-content\/uploads\/2013\/03\/DSC01397-90x90.jpg 90w, https:\/\/www.tuntsa.fi\/kauppa\/wp-content\/uploads\/2013\/03\/DSC01397-536x536.jpg 536w, https:\/\/www.tuntsa.fi\/kauppa\/wp-content\/uploads\/2013\/03\/DSC01397-268x268.jpg 268w\" sizes=\"(max-width: 150px) 100vw, 150px\" \/><\/a>\u00a0<a href=\"http:\/\/www.tuntsa.fi\/kauppa\/wp-content\/uploads\/2013\/03\/DSC01348.jpg\"><img loading=\"lazy\" class=\"size-thumbnail wp-image-589 alignnone\" title=\"s\u00e4\u00e4dett\u00e4v\u00e4t kiilalenkit\" src=\"http:\/\/www.tuntsa.fi\/kauppa\/wp-content\/uploads\/2013\/03\/DSC01348-150x150.jpg\" alt=\"s\u00e4\u00e4dett\u00e4v\u00e4t kiilalenkit\" width=\"150\" height=\"150\" srcset=\"https:\/\/www.tuntsa.fi\/kauppa\/wp-content\/uploads\/2013\/03\/DSC01348-150x150.jpg 150w, https:\/\/www.tuntsa.fi\/kauppa\/wp-content\/uploads\/2013\/03\/DSC01348-300x300.jpg 300w, https:\/\/www.tuntsa.fi\/kauppa\/wp-content\/uploads\/2013\/03\/DSC01348-90x90.jpg 90w\" sizes=\"(max-width: 150px) 100vw, 150px\" \/><\/a><\/p>\n<p>Uudistuneessa kotamallissa on muutamia k\u00e4yt\u00e4nn\u00f6llisi\u00e4 uudistuksia:<\/p>\n<ul>\n<li>myrskynaruissa on alumiiniset kiristimet<\/li>\n<li>kodan mukana tulee kolme erillist\u00e4 myrskynarupussia, jotka voidaan kiinnitt\u00e4\u00e4 haluttuihin kiristyslenkkeihin kodan ulkopuolella &#8211; suljettaviin pusseihin pakattuna pitk\u00e4t narut s\u00e4ilyv\u00e4t j\u00e4rjestyksess\u00e4 kotaa pakattaessa. <strong><em><a title=\"Myrskynaru-pussi\" href=\"http:\/\/www.tuntsa.fi\/kauppa\/?product=myrskynaru-pussi\">Myrskynarut lis\u00e4varusteena<\/a><\/em><\/strong><\/li>\n<li>maakiilojen lenkit ovat nyt s\u00e4\u00e4dett\u00e4v\u00e4t, mik\u00e4 helpottaa ja nopeuttaa kodan pystytyst\u00e4 ep\u00e4tasaisessa maastossa &#8211; kangas on helpompi kirist\u00e4\u00e4 tasaisesti ilman kiilojen siirtely\u00e4. Kiiloja 8 +1 kpl, ei sis\u00e4lly toimitukseen.<\/li>\n<li>kodan oviaukon vetoketju on vaihdettu aiempaa vahvempaan<\/li>\n<\/ul>\n<p><strong>Pystytysvideo<\/strong><\/p>\n<p><iframe loading=\"lazy\" src=\"http:\/\/www.youtube.com\/embed\/0AS2oAbp0Ck?rel=0\" width=\"640\" height=\"360\" frameborder=\"0\" allowfullscreen=\"allowfullscreen\"><\/iframe><\/p>\n","protected":false},"excerpt":{"rendered":"<p>Suosittu malli !<\/p>\n<p>Vaelluskota on kevyt ja tilava majoite, joka sopii erityisen hyvin my\u00f6s vaativille er\u00e4reissuille. Kodan vahvuus ja erikoisuus on mahdollisuus tulien tekoon &#8211; pienen nuotion avulla vaelluskodasta tulee miellytt\u00e4v\u00e4n l\u00e4mmin ja kuiva suoja huonollakin kelill\u00e4.<\/p>\n<p>Toimitusaika t\u00e4ll\u00e4 hetkell\u00e4 n\u00a0 viikko. Maastokuvioa ei en\u00e4\u00e4 saatavilla, <strong>vain vihre\u00e4<br \/>\n<\/strong><\/p>\n<p>Tuntsa-vaelluskodasta on my\u00f6s suurempi malli <a title=\"Tuntsa\u00ae-vaelluskota 4,0m\" href=\"http:\/\/www.tuntsa.fi\/kauppa\/?product=tuntsa-vaelluskota-40m-2\">4,0m<\/a>. \u00a0 L\u00e4pivienti kaminan piipulle saatavissa molempiin eri tilauksesta.<\/p>\n<p>Saatavana my\u00f6s kangasta metreitt\u00e4in, ota yhteytt\u00e4.<\/p>\n","protected":false},"featured_media":1989,"comment_status":"open","ping_status":"closed","template":"","meta":[],"_links":{"self":[{"href":"https:\/\/www.tuntsa.fi\/kauppa\/index.php?rest_route=\/wp\/v2\/product\/23"}],"collection":[{"href":"https:\/\/www.tuntsa.fi\/kauppa\/index.php?rest_route=\/wp\/v2\/product"}],"about":[{"href":"https:\/\/www.tuntsa.fi\/kauppa\/index.php?rest_route=\/wp\/v2\/types\/product"}],"replies":[{"embeddable":true,"href":"https:\/\/www.tuntsa.fi\/kauppa\/index.php?rest_route=%2Fwp%2Fv2%2Fcomments&post=23"}],"wp:featuredmedia":[{"embeddable":true,"href":"https:\/\/www.tuntsa.fi\/kauppa\/index.php?rest_route=\/wp\/v2\/media\/1989"}],"wp:attachment":[{"href":"https:\/\/www.tuntsa.fi\/kauppa\/index.php?rest_route=%2Fwp%2Fv2%2Fmedia&parent=23"}],"curies":[{"name":"wp","href":"https:\/\/api.w.org\/{rel}","templated":true}]}}