{"id":227,"date":"2013-03-16T14:40:51","date_gmt":"2013-03-16T12:40:51","guid":{"rendered":"http:\/\/www.tuntsakauppa.fi\/fi\/?product=anorakki-marin"},"modified":"2024-08-25T16:14:21","modified_gmt":"2024-08-25T13:14:21","slug":"huppari-marin","status":"publish","type":"product","link":"https:\/\/www.tuntsa.fi\/kauppa\/?product=huppari-marin","title":{"rendered":"Maastohuppari, M-05"},"content":{"rendered":"<p><a href=\"http:\/\/www.tuntsa.fi\/kauppa\/wp-content\/uploads\/2013\/08\/mittataulukot_huppari.jpg\"><img loading=\"lazy\" class=\"alignnone size-medium wp-image-649\" src=\"http:\/\/www.tuntsa.fi\/kauppa\/wp-content\/uploads\/2013\/08\/mittataulukot_huppari-186x300.jpg\" alt=\"mittataulukot_huppari\" width=\"186\" height=\"300\" srcset=\"https:\/\/www.tuntsa.fi\/kauppa\/wp-content\/uploads\/2013\/08\/mittataulukot_huppari-186x300.jpg 186w, https:\/\/www.tuntsa.fi\/kauppa\/wp-content\/uploads\/2013\/08\/mittataulukot_huppari.jpg 400w\" sizes=\"(max-width: 186px) 100vw, 186px\" \/><\/a><\/p>\n","protected":false},"excerpt":{"rendered":"<p>M-05 kuosilla huppari nelj\u00e4ll\u00e4 isolla p\u00e4\u00e4litaskulla. Hyvin istuva huppu, lis\u00e4ksi kaulus. Taattua TUNTSA -laatua. <strong>T\u00e4ll\u00e4 hetkell\u00e4 loppu varastosta !<br \/>\n<\/strong><\/p>\n","protected":false},"featured_media":1700,"comment_status":"closed","ping_status":"closed","template":"","meta":[],"_links":{"self":[{"href":"https:\/\/www.tuntsa.fi\/kauppa\/index.php?rest_route=\/wp\/v2\/product\/227"}],"collection":[{"href":"https:\/\/www.tuntsa.fi\/kauppa\/index.php?rest_route=\/wp\/v2\/product"}],"about":[{"href":"https:\/\/www.tuntsa.fi\/kauppa\/index.php?rest_route=\/wp\/v2\/types\/product"}],"replies":[{"embeddable":true,"href":"https:\/\/www.tuntsa.fi\/kauppa\/index.php?rest_route=%2Fwp%2Fv2%2Fcomments&post=227"}],"wp:featuredmedia":[{"embeddable":true,"href":"https:\/\/www.tuntsa.fi\/kauppa\/index.php?rest_route=\/wp\/v2\/media\/1700"}],"wp:attachment":[{"href":"https:\/\/www.tuntsa.fi\/kauppa\/index.php?rest_route=%2Fwp%2Fv2%2Fmedia&parent=227"}],"curies":[{"name":"wp","href":"https:\/\/api.w.org\/{rel}","templated":true}]}}