{"id":218,"date":"2013-03-12T15:31:11","date_gmt":"2013-03-12T13:31:11","guid":{"rendered":"http:\/\/www.tuntsakauppa.fi\/fi\/?product=anorakki-royal"},"modified":"2026-05-12T16:02:31","modified_gmt":"2026-05-12T13:02:31","slug":"anorakki-royal","status":"publish","type":"product","link":"https:\/\/www.tuntsa.fi\/kauppa\/?product=anorakki-royal","title":{"rendered":"Anorakki, oranssi 1-v\u00e4rinen"},"content":{"rendered":"<p><a href=\"http:\/\/www.tuntsa.fi\/kauppa\/wp-content\/uploads\/2013\/08\/mittataulukot_anorakki.jpg\"><img loading=\"lazy\" class=\"alignnone size-medium wp-image-648\" src=\"http:\/\/www.tuntsa.fi\/kauppa\/wp-content\/uploads\/2013\/08\/mittataulukot_anorakki-186x300.jpg\" alt=\"mittataulukot_anorakki\" width=\"186\" height=\"300\" srcset=\"https:\/\/www.tuntsa.fi\/kauppa\/wp-content\/uploads\/2013\/08\/mittataulukot_anorakki-186x300.jpg 186w, https:\/\/www.tuntsa.fi\/kauppa\/wp-content\/uploads\/2013\/08\/mittataulukot_anorakki.jpg 400w\" sizes=\"(max-width: 186px) 100vw, 186px\" \/><\/a><\/p>\n","protected":false},"excerpt":{"rendered":"<p>Perinteinen rintataskullinen anorakki laadukkaasta vett\u00e4 ja likaa hylkiv\u00e4st\u00e4 kankaasta, 70 polyester\/30 puuvilla<\/p>\n<p>V\u00e4ri on mets\u00e4stysasetuksen mukainen oranssi hirvenpyyntiin.<strong> Tuotteita vain rajattu m\u00e4\u00e4r\u00e4 !<\/strong><\/p>\n","protected":false},"featured_media":1324,"comment_status":"closed","ping_status":"closed","template":"","meta":[],"_links":{"self":[{"href":"https:\/\/www.tuntsa.fi\/kauppa\/index.php?rest_route=\/wp\/v2\/product\/218"}],"collection":[{"href":"https:\/\/www.tuntsa.fi\/kauppa\/index.php?rest_route=\/wp\/v2\/product"}],"about":[{"href":"https:\/\/www.tuntsa.fi\/kauppa\/index.php?rest_route=\/wp\/v2\/types\/product"}],"replies":[{"embeddable":true,"href":"https:\/\/www.tuntsa.fi\/kauppa\/index.php?rest_route=%2Fwp%2Fv2%2Fcomments&post=218"}],"wp:featuredmedia":[{"embeddable":true,"href":"https:\/\/www.tuntsa.fi\/kauppa\/index.php?rest_route=\/wp\/v2\/media\/1324"}],"wp:attachment":[{"href":"https:\/\/www.tuntsa.fi\/kauppa\/index.php?rest_route=%2Fwp%2Fv2%2Fmedia&parent=218"}],"curies":[{"name":"wp","href":"https:\/\/api.w.org\/{rel}","templated":true}]}}