{"id":160,"date":"2013-03-11T14:39:26","date_gmt":"2013-03-11T12:39:26","guid":{"rendered":"http:\/\/www.tuntsakauppa.fi\/fi\/?post_type=product&#038;p=160"},"modified":"2021-11-04T10:54:37","modified_gmt":"2021-11-04T08:54:37","slug":"tuntsa-halkokassi","status":"publish","type":"product","link":"https:\/\/www.tuntsa.fi\/kauppa\/?product=tuntsa-halkokassi","title":{"rendered":"Tuntsa\u00ae -halkokassi"},"content":{"rendered":"","protected":false},"excerpt":{"rendered":"<p>Todella tukevaa tekoa oleva Kassi vaikka v\u00e4h\u00e4n s\u00e4\u00e4lim\u00e4tt\u00f6m\u00e4\u00e4nkin k\u00e4ytt\u00f6\u00f6n!<\/p>\n<p>Kotakankaasta ommeltu Kassi on k\u00e4yt\u00e4nn\u00f6llinen esim. kaikkien leirivarusteiden pakkaamiseen yhteen tukevaan pakettiin. Koko satsi on valmiina heitett\u00e4v\u00e4ksi auton konttiin, kelkan tai m\u00f6nkij\u00e4n kyytiin jne.<br \/>\nLeiriss\u00e4 sama Kassi toimii sitten hyv\u00e4n\u00e4 halkovarastona &#8211; repeilevien muovikassien sijaan.<\/p>\n","protected":false},"featured_media":161,"comment_status":"closed","ping_status":"closed","template":"","meta":[],"_links":{"self":[{"href":"https:\/\/www.tuntsa.fi\/kauppa\/index.php?rest_route=\/wp\/v2\/product\/160"}],"collection":[{"href":"https:\/\/www.tuntsa.fi\/kauppa\/index.php?rest_route=\/wp\/v2\/product"}],"about":[{"href":"https:\/\/www.tuntsa.fi\/kauppa\/index.php?rest_route=\/wp\/v2\/types\/product"}],"replies":[{"embeddable":true,"href":"https:\/\/www.tuntsa.fi\/kauppa\/index.php?rest_route=%2Fwp%2Fv2%2Fcomments&post=160"}],"wp:featuredmedia":[{"embeddable":true,"href":"https:\/\/www.tuntsa.fi\/kauppa\/index.php?rest_route=\/wp\/v2\/media\/161"}],"wp:attachment":[{"href":"https:\/\/www.tuntsa.fi\/kauppa\/index.php?rest_route=%2Fwp%2Fv2%2Fmedia&parent=160"}],"curies":[{"name":"wp","href":"https:\/\/api.w.org\/{rel}","templated":true}]}}