{"id":1457,"date":"2016-04-25T13:17:00","date_gmt":"2016-04-25T10:17:00","guid":{"rendered":"http:\/\/www.tuntsakauppa.fi\/fi\/?product=kupilka-komposiittikuksa"},"modified":"2025-04-02T15:59:24","modified_gmt":"2025-04-02T12:59:24","slug":"kupilka-komposiittikuksa","status":"publish","type":"product","link":"https:\/\/www.tuntsa.fi\/kauppa\/?product=kupilka-komposiittikuksa","title":{"rendered":"Kupilka komposiittikuksa"},"content":{"rendered":"","protected":false},"excerpt":{"rendered":"<p>Kupilka er\u00e4astiat valmistetaan luonnonkuitukomposiitista. Sek\u00e4 biomateriaali ett\u00e4 tuotteet on valmistettu EKOenergialla Suomessa. Kahvassa TUNTSA logo.<\/p>\n","protected":false},"featured_media":7545,"comment_status":"closed","ping_status":"closed","template":"","meta":[],"_links":{"self":[{"href":"https:\/\/www.tuntsa.fi\/kauppa\/index.php?rest_route=\/wp\/v2\/product\/1457"}],"collection":[{"href":"https:\/\/www.tuntsa.fi\/kauppa\/index.php?rest_route=\/wp\/v2\/product"}],"about":[{"href":"https:\/\/www.tuntsa.fi\/kauppa\/index.php?rest_route=\/wp\/v2\/types\/product"}],"replies":[{"embeddable":true,"href":"https:\/\/www.tuntsa.fi\/kauppa\/index.php?rest_route=%2Fwp%2Fv2%2Fcomments&post=1457"}],"wp:featuredmedia":[{"embeddable":true,"href":"https:\/\/www.tuntsa.fi\/kauppa\/index.php?rest_route=\/wp\/v2\/media\/7545"}],"wp:attachment":[{"href":"https:\/\/www.tuntsa.fi\/kauppa\/index.php?rest_route=%2Fwp%2Fv2%2Fmedia&parent=1457"}],"curies":[{"name":"wp","href":"https:\/\/api.w.org\/{rel}","templated":true}]}}