{"id":144,"date":"2013-03-11T13:31:16","date_gmt":"2013-03-11T11:31:16","guid":{"rendered":"http:\/\/www.tuntsakauppa.fi\/fi\/?post_type=product&#038;p=144"},"modified":"2025-10-22T08:09:49","modified_gmt":"2025-10-22T05:09:49","slug":"kotakruunu","status":"publish","type":"product","link":"https:\/\/www.tuntsa.fi\/kauppa\/?product=kotakruunu","title":{"rendered":"Kotakruunu"},"content":{"rendered":"","protected":false},"excerpt":{"rendered":"<p>Tuntsa-kotakruunu helpottaa lapinkodan pystytyst\u00e4, ja k\u00e4ytett\u00e4ess\u00e4 yhdess\u00e4 s\u00e4\u00e4dett\u00e4v\u00e4n kotahatun kanssa rakenne sulkee savuaukon sateelta ja tuiskulta &#8211; suojaten sek\u00e4 ruoteita ett\u00e4 kodan sis\u00e4tiloja. Tilatessa kerro kodan halkaisija.<\/p>\n","protected":false},"featured_media":145,"comment_status":"closed","ping_status":"closed","template":"","meta":[],"_links":{"self":[{"href":"https:\/\/www.tuntsa.fi\/kauppa\/index.php?rest_route=\/wp\/v2\/product\/144"}],"collection":[{"href":"https:\/\/www.tuntsa.fi\/kauppa\/index.php?rest_route=\/wp\/v2\/product"}],"about":[{"href":"https:\/\/www.tuntsa.fi\/kauppa\/index.php?rest_route=\/wp\/v2\/types\/product"}],"replies":[{"embeddable":true,"href":"https:\/\/www.tuntsa.fi\/kauppa\/index.php?rest_route=%2Fwp%2Fv2%2Fcomments&post=144"}],"wp:featuredmedia":[{"embeddable":true,"href":"https:\/\/www.tuntsa.fi\/kauppa\/index.php?rest_route=\/wp\/v2\/media\/145"}],"wp:attachment":[{"href":"https:\/\/www.tuntsa.fi\/kauppa\/index.php?rest_route=%2Fwp%2Fv2%2Fmedia&parent=144"}],"curies":[{"name":"wp","href":"https:\/\/api.w.org\/{rel}","templated":true}]}}