{"id":136,"date":"2013-03-11T11:53:51","date_gmt":"2013-03-11T09:53:51","guid":{"rendered":"http:\/\/www.tuntsakauppa.fi\/fi\/?post_type=product&#038;p=136"},"modified":"2021-12-20T08:34:19","modified_gmt":"2021-12-20T06:34:19","slug":"juuvi-polttimen-korokeverkko","status":"publish","type":"product","link":"https:\/\/www.tuntsa.fi\/kauppa\/?product=juuvi-polttimen-korokeverkko","title":{"rendered":"Juuvi korokeverkko"},"content":{"rendered":"<p>Korokeverkon avulla saat lis\u00e4\u00e4 l\u00e4mmitystehoa polttimestasi. \u00c4l\u00e4 kuitenkaan k\u00e4yt\u00e4 enemp\u00e4\u00e4 kuin kahta verkkoa p\u00e4\u00e4llekk\u00e4in &#8211; peruspolttimen mukana toimitetaan jo yksi korokeverkko.<\/p>\n","protected":false},"excerpt":{"rendered":"<p>Juuvi-tuotteista lis\u00e4tietoa valmistajan sivuilta.<\/p>\n","protected":false},"featured_media":137,"comment_status":"closed","ping_status":"closed","template":"","meta":[],"_links":{"self":[{"href":"https:\/\/www.tuntsa.fi\/kauppa\/index.php?rest_route=\/wp\/v2\/product\/136"}],"collection":[{"href":"https:\/\/www.tuntsa.fi\/kauppa\/index.php?rest_route=\/wp\/v2\/product"}],"about":[{"href":"https:\/\/www.tuntsa.fi\/kauppa\/index.php?rest_route=\/wp\/v2\/types\/product"}],"replies":[{"embeddable":true,"href":"https:\/\/www.tuntsa.fi\/kauppa\/index.php?rest_route=%2Fwp%2Fv2%2Fcomments&post=136"}],"wp:featuredmedia":[{"embeddable":true,"href":"https:\/\/www.tuntsa.fi\/kauppa\/index.php?rest_route=\/wp\/v2\/media\/137"}],"wp:attachment":[{"href":"https:\/\/www.tuntsa.fi\/kauppa\/index.php?rest_route=%2Fwp%2Fv2%2Fmedia&parent=136"}],"curies":[{"name":"wp","href":"https:\/\/api.w.org\/{rel}","templated":true}]}}