{"id":1174,"date":"2015-05-11T19:05:04","date_gmt":"2015-05-11T16:05:04","guid":{"rendered":"http:\/\/www.tuntsakauppa.fi\/fi\/?post_type=product&#038;p=1174"},"modified":"2026-04-03T17:12:32","modified_gmt":"2026-04-03T14:12:32","slug":"tuntsa-loue","status":"publish","type":"product","link":"https:\/\/www.tuntsa.fi\/kauppa\/?product=tuntsa-loue","title":{"rendered":"Tuntsa\u00ae-Loue"},"content":{"rendered":"<p>Kaikkein kevein vaihtoehto luonnossa liikkujan majoitteeksi on louevaate. Tuntsa-loue on perinteisest\u00e4 loue-vaatteesta kehitelty tilavampi vaihtoehto, joka yhdist\u00e4\u00e4 louevaatteen keveyden ja yksinkertaisuuden sek\u00e4 laavun monik\u00e4ytt\u00f6isemm\u00e4t tilat. TUNTSA- louevaatteessa on korotettu takaosa, joka antaa lis\u00e4tilaa varusteille ja mukavammat tilat nukkujille.<\/p>\n<p>Loue sopii k\u00e4ytt\u00e4j\u00e4lle, joka arvostaa varusteiden keveytt\u00e4 ja pient\u00e4 pakkauskokoa. Keveydest\u00e4 huolimatta loue on monipuolinen ja luotettava suoja. Sen edess\u00e4 voi polttaa nuotiota ja louevaatteen alla tarkenee my\u00f6s huonolla kelill\u00e4.<\/p>\n<p>&nbsp;<\/p>\n","protected":false},"excerpt":{"rendered":"<p>Huom! \u00a0\u00a0 Maastokuvio ei saatavilla toistaiseksi , <strong>vihre\u00e4\u00e4 valmistunut !<\/strong><\/p>\n<p>Paino vain 940 gr<\/p>\n<p>Loue sopii k\u00e4ytt\u00e4j\u00e4lle, joka arvostaa varusteiden keveytt\u00e4 ja pient\u00e4 pakkauskokoa. Keveydest\u00e4 huolimatta loue on monipuolinen ja luotettava suoja. Sen edess\u00e4 voi polttaa nuotiota ja louevaatteen alla tarkenee my\u00f6s huonolla kelill\u00e4.<\/p>\n<p><span class=\"fontstyle0\">Loue pystytys<br \/>\nMuotoile loue ensin kuvan muotoon, etuosa sopivalle leveydelle. Kiinnit\u00e4 takakolmion kiilat, seuraavaksi toinen sivu ja sitten toisen puolen samalla tavalla.<br \/>\nKiinnit\u00e4 takakolmion kiilat, seuraavaksi toinen sivu ja sitten toisen puolen samalla tavalla. Laita takakolmioon keskelle keppi jossa haara, jonka kautta kolmion saa nousemaan muotoonsa.<br \/>\nNosta etuosa yl\u00f6s, kepin avulla tai sitten ristikkoon tai vaikka narulla edess\u00e4 olevaan puuhun. S\u00e4\u00e4tele kiiloilla loue lopulliseen muotoon ja korkeuteen.<\/span><\/p>\n<p><span class=\"fontstyle0\"><br \/>\nJa eikun taloksi, mukavaa oleskelua.<\/span><\/p>\n<p><span class=\"fontstyle0\"><br \/>\nTuntsakaupan v\u00e4ki<\/span><\/p>\n","protected":false},"featured_media":1195,"comment_status":"closed","ping_status":"closed","template":"","meta":[],"_links":{"self":[{"href":"https:\/\/www.tuntsa.fi\/kauppa\/index.php?rest_route=\/wp\/v2\/product\/1174"}],"collection":[{"href":"https:\/\/www.tuntsa.fi\/kauppa\/index.php?rest_route=\/wp\/v2\/product"}],"about":[{"href":"https:\/\/www.tuntsa.fi\/kauppa\/index.php?rest_route=\/wp\/v2\/types\/product"}],"replies":[{"embeddable":true,"href":"https:\/\/www.tuntsa.fi\/kauppa\/index.php?rest_route=%2Fwp%2Fv2%2Fcomments&post=1174"}],"wp:featuredmedia":[{"embeddable":true,"href":"https:\/\/www.tuntsa.fi\/kauppa\/index.php?rest_route=\/wp\/v2\/media\/1195"}],"wp:attachment":[{"href":"https:\/\/www.tuntsa.fi\/kauppa\/index.php?rest_route=%2Fwp%2Fv2%2Fmedia&parent=1174"}],"curies":[{"name":"wp","href":"https:\/\/api.w.org\/{rel}","templated":true}]}}