{"id":6903,"date":"2024-04-18T12:25:40","date_gmt":"2024-04-18T09:25:40","guid":{"rendered":"https:\/\/www.tuntsa.fi\/kauppa\/?page_id=6903"},"modified":"2024-04-18T13:55:59","modified_gmt":"2024-04-18T10:55:59","slug":"neuletuotanto-koneineen","status":"publish","type":"page","link":"https:\/\/www.tuntsa.fi\/kauppa\/?page_id=6903","title":{"rendered":"Neuletuotanto koneineen"},"content":{"rendered":"<p>3.4.2024<\/p>\n<hr \/>\n<p><a href=\"https:\/\/www.yritysporssi.fi\/salla-lappi-pohjois-suomi-finland\/myytavat\/yritykset\/kauppa\/muut-kaupan-alan-yritykset\/tuntsa-tuotemerkin-liiketoiminta-109746\">Yritysporssi.fi \/ Myyd\u00e4\u00e4n \/ Tuntsa-tuotemerkki<\/a><\/p>\n\n\n<div class=\"wp-block-image\"><figure class=\"alignright size-large is-resized\"><img loading=\"lazy\" src=\"https:\/\/www.tuntsa.fi\/kauppa\/wp-content\/uploads\/2024\/04\/DSC_0547-1024x768.jpg\" alt=\"\" class=\"wp-image-6909\" width=\"512\" height=\"384\" srcset=\"https:\/\/www.tuntsa.fi\/kauppa\/wp-content\/uploads\/2024\/04\/DSC_0547-1024x768.jpg 1024w, https:\/\/www.tuntsa.fi\/kauppa\/wp-content\/uploads\/2024\/04\/DSC_0547-300x225.jpg 300w, https:\/\/www.tuntsa.fi\/kauppa\/wp-content\/uploads\/2024\/04\/DSC_0547-768x576.jpg 768w, https:\/\/www.tuntsa.fi\/kauppa\/wp-content\/uploads\/2024\/04\/DSC_0547-1536x1152.jpg 1536w, https:\/\/www.tuntsa.fi\/kauppa\/wp-content\/uploads\/2024\/04\/DSC_0547-2048x1536.jpg 2048w, https:\/\/www.tuntsa.fi\/kauppa\/wp-content\/uploads\/2024\/04\/DSC_0547-600x450.jpg 600w\" sizes=\"(max-width: 512px) 100vw, 512px\" \/><\/figure><\/div>\n\n\n\n<p class=\"has-medium-font-size\"><strong>Myyd\u00e4\u00e4n suoraan tuotannosta neulevalmistukseen tarvittavat kaikki koneet ja laitteet. N\u00e4ill\u00e4 voit jatkaa tai aloittaa heti oman neulevalmistuksen langasta valmiiksi tuotteeksi:<\/strong><\/p>\n\n\n\n<ul class=\"has-medium-font-size\"><li>Neulekone Stoll ANVH-BLM 10\/230 <\/li><li>Neulekone Stoll CNCA -3KT 7\/210<\/li><li>Nauhakone G&amp;P Equip 10\/40<\/li><li>Ny\u00f6rikone<\/li><li>Nestle tupsukone pipotupsujen tekoon<\/li><li>Apple II VDU laitteisto neulekoneiden ohjelmointiin<\/li><li>Maimin pystyleikkuri<\/li><li>Norva 54\/818-94\/18-49\/8 neuleen h\u00f6yrytyslaitteisto<\/li><li>Brother DB2 suoraommel neulasy\u00f6tt\u00f6 lukkotikkikone<\/li><li>Mauser Special KL 9752 saumauskone neulesaumaukseen<\/li><li>Union Special KL 34500 KDA 1-neula ketjutikkikone kaulusten ja listojen kiinnitykseen<\/li><li>Union Special 36200 tasosaumauskone 5-lanka<\/li><\/ul>\n\n\n\n<p class=\"has-medium-font-size\"><strong>Lis\u00e4ksi my\u00f6s:<\/strong><\/p>\n\n\n\n<ul class=\"has-medium-font-size\"><li>Varastossa olevat langat<\/li><li>Neulekoneiden valmiit ohjelmat, satoja erilaisia<\/li><li>Muita apulaitteita ja koneita sopimuksen mukaan<\/li><\/ul>\n\n\n\n<p class=\"has-medium-font-size\"><strong>Kaikki koneet Sallassa tuotantovalmiina ja hyv\u00e4ss\u00e4 kunnossa.<\/strong><br><strong>Lis\u00e4tietoa ja kuvia saatte pyydett\u00e4ess\u00e4.<\/strong><br><strong>Tervetuloa my\u00f6s paikanp\u00e4\u00e4lle tutustumaan.<\/strong><\/p>\n\n\n\n&nbsp;\n\n\n<hr>\n<div class=\"su-row\"><div class=\"su-column su-column-size-1-3\"><div class=\"su-column-inner su-u-clearfix su-u-trim\">\n<p><strong>Yrityksen nimi:<\/strong> Stick-On Oy<\/p>\n<p><strong>Yrityksen osoite:<\/strong> Teollisuustie 8, 98900 SALLA<\/p>\n<p><strong>Internet-osoite:<\/strong> <a href=\"http:\/\/www.tuntsa.fi\">www.tuntsa.fi<\/a>&nbsp;, <a href=\"http:\/\/www.tuntsakauppa.fi\">www.tuntsakauppa.fi<\/a><\/p>\n<p><strong>Perustamisvuosi:<\/strong>&nbsp;1986<\/p>\n<p><strong>Toimiala:<\/strong>&nbsp;14390 Vaatteiden valmistus<\/p>\n<p><strong>Talousalue:&nbsp;<\/strong>Lappi<\/p>\n<p><strong>Liikevaihto:<\/strong>&nbsp;157 000<\/p>\n<p><strong>K\u00e4ytt\u00f6kate 2020:<\/strong> yli 50 000\u20ac<\/p>\n<\/div><\/div> <div class=\"su-column su-column-size-1-3\"><div class=\"su-column-inner su-u-clearfix su-u-trim\">\n<p><strong>Rekister\u00f6ity tuotemerkki:<\/strong> Tuntsa<\/p>\n<p><strong>Tuotemerkin omistus:<\/strong> Heimo Hautaj\u00e4rvi 100 %<\/p>\n<p><strong>Tuoteryhm\u00e4t:<\/strong><br>Vapaa-ajan vaatteet, paidat, housut ja anorakit<br>Vaelluskodat, louteet ja lapinkodat<br>Er\u00e4asut<br>Neuleet ja pipot<\/p>\n<p><strong>Asiakaskunta:<\/strong><br>Retkeilij\u00e4t, ulkoilijat<br>Mets\u00e4st\u00e4j\u00e4t ja kalastajat<br>Matkailuyritt\u00e4j\u00e4t<br>Matkailijat, Sallan alue<br>L\u00e4hialueen asukkaat<\/p>\n<\/div><\/div>\n<div class=\"su-column su-column-size-1-3\"><div class=\"su-column-inner su-u-clearfix su-u-trim\">\n<p><strong>Toimitilat:<\/strong><br>omat tehdastilat 350 m2<br>tehtaanmyym\u00e4l\u00e4<br>varastotilaa 100 m2<br>oma tontti&nbsp;3500 m2<\/p>\n<p><strong>Henkil\u00f6st\u00f6:<\/strong> 2-3<\/p>\n<p><strong>Alihankkijoita:<\/strong> Kyll\u00e4<\/p>\n<hr>\n<p><strong>Hintapyynt\u00f6:<\/strong> Myyt\u00e4v\u00e4n kokonaisuuden mukaan<\/p>\n<\/div><\/div>\n<\/div>","protected":false},"excerpt":{"rendered":"<p>3.4.2024 Yritysporssi.fi \/ Myyd\u00e4\u00e4n \/ Tuntsa-tuotemerkki Myyd\u00e4\u00e4n suoraan tuotannosta neulevalmistukseen tarvittavat kaikki koneet ja laitteet. N\u00e4ill\u00e4 voit jatkaa tai aloittaa heti oman neulevalmistuksen langasta valmiiksi tuotteeksi: Neulekone Stoll ANVH-BLM 10\/230 Neulekone Stoll CNCA -3KT 7\/210 Nauhakone G&amp;P Equip 10\/40 Ny\u00f6rikone Nestle tupsukone pipotupsujen tekoon Apple II VDU laitteisto neulekoneiden ohjelmointiin Maimin pystyleikkuri Norva 54\/818-94\/18-49\/8 neuleen [&hellip;]<\/p>\n","protected":false},"author":1,"featured_media":0,"parent":0,"menu_order":0,"comment_status":"closed","ping_status":"closed","template":"","meta":[],"_links":{"self":[{"href":"https:\/\/www.tuntsa.fi\/kauppa\/index.php?rest_route=\/wp\/v2\/pages\/6903"}],"collection":[{"href":"https:\/\/www.tuntsa.fi\/kauppa\/index.php?rest_route=\/wp\/v2\/pages"}],"about":[{"href":"https:\/\/www.tuntsa.fi\/kauppa\/index.php?rest_route=\/wp\/v2\/types\/page"}],"author":[{"embeddable":true,"href":"https:\/\/www.tuntsa.fi\/kauppa\/index.php?rest_route=\/wp\/v2\/users\/1"}],"replies":[{"embeddable":true,"href":"https:\/\/www.tuntsa.fi\/kauppa\/index.php?rest_route=%2Fwp%2Fv2%2Fcomments&post=6903"}],"version-history":[{"count":44,"href":"https:\/\/www.tuntsa.fi\/kauppa\/index.php?rest_route=\/wp\/v2\/pages\/6903\/revisions"}],"predecessor-version":[{"id":6970,"href":"https:\/\/www.tuntsa.fi\/kauppa\/index.php?rest_route=\/wp\/v2\/pages\/6903\/revisions\/6970"}],"wp:attachment":[{"href":"https:\/\/www.tuntsa.fi\/kauppa\/index.php?rest_route=%2Fwp%2Fv2%2Fmedia&parent=6903"}],"curies":[{"name":"wp","href":"https:\/\/api.w.org\/{rel}","templated":true}]}}