{"id":498,"date":"2013-04-30T11:44:45","date_gmt":"2013-04-30T08:44:45","guid":{"rendered":"http:\/\/www.tuntsakauppa.fi\/fi\/?page_id=498"},"modified":"2021-10-14T09:10:59","modified_gmt":"2021-10-14T06:10:59","slug":"tuntsakaupan-toimitusehdot","status":"publish","type":"page","link":"https:\/\/www.tuntsa.fi\/kauppa\/?page_id=498","title":{"rendered":"Tuntsakaupan toimitusehdot"},"content":{"rendered":"<div class=\"su-row\">\n<div class=\"su-column su-column-size-1-2\"><div class=\"su-column-inner su-u-clearfix su-u-trim\"><strong>Toimitukset ja maksutavat<\/strong><br \/>\nTuotteiden hinnat sis\u00e4lt\u00e4v\u00e4t 24 % arvonlis\u00e4veron. Pid\u00e4t\u00e4mme oikeuden hinnanmuutoksiin, toimitusten viiv\u00e4stymisiin ja tuote-erien loppumiseen. Mik\u00e4li verkkokaupassa olevissa hintatiedoissa esiintyy ilmeisi\u00e4 kirjoitus-, laskenta- tai tietojenk\u00e4sittelyvirheit\u00e4, emme ole velvollisia toimittamaan tuotteita n\u00e4iden virheellisten tietojen mukaisesti.<\/p>\n<p>L\u00e4het\u00e4mme tilauksesta tilausvahvistuksen s\u00e4hk\u00f6postilla ilmoittamaasi s\u00e4hk\u00f6postiosoitteeseen tilauksen hyv\u00e4ksymisen j\u00e4lkeen.<\/p>\n<p>Tilauksen loppusummaan lis\u00e4t\u00e4\u00e4n voimassa olevat postikulut. Toimitamme tavarat p\u00e4\u00e4s\u00e4\u00e4nt\u00f6isesti postin kautta, pyynn\u00f6st\u00e4nne voimme toimittaa my\u00f6s matkahuollon kautta.<\/p>\n<p><a href=\"https:\/\/checkout.fi\/materiaalit\/maksuehdot\/\" target=\"_blank\" rel=\"noopener noreferrer\">Paytrail -palvelun maksuehdot<\/a><\/p>\n<p>Jos sinulla on jotain kysytt\u00e4v\u00e4\u00e4 toimitusehdoista ja tilaamisesta, niin ota rohkeasti yhteytt\u00e4 meihin: tuntsa@tuntsa.fi tai 040-5223480<\/p>\n<p><strong>Toimitusaika<\/strong><br \/>\nVarastossa olevat tuotteet toimitetaan mahdollisimman pian tilauksen saapumisesta meille. Jos tuotetta ei ole varastossa, siit\u00e4 ilmoitetaan erikseen.<\/div><\/div>\n<div class=\"su-column su-column-size-1-2\"><div class=\"su-column-inner su-u-clearfix su-u-trim\"><strong>Takuu ja palautukset<\/strong><br \/>\nPalautuksesta on sovittava etuk\u00e4teen s\u00e4hk\u00f6postitse osoitteeseen tuntsa@tuntsa.fi. Tavarat tulee palauttaa postin kautta, palauttaja maksaa palautuskulut virheett\u00f6mist\u00e4 tuotteista.<\/p>\n<p>Jos et jostain syyst\u00e4 ole tyytyv\u00e4inen ostokseesi, voit palauttaa sen kuluttajansuojalain nojalla 14 p\u00e4iv\u00e4n sis\u00e4ll\u00e4 ilman mit\u00e4\u00e4n erityisi\u00e4 syit\u00e4. Tuotteista maksettu summa hyvitet\u00e4\u00e4n tilillenne palautuksen saapuessa meille takaisin, mik\u00e4li tuote ja pakkaus ovat alkuper\u00e4isess\u00e4 kunnossa. Emme korvaa postiennakko- ja postituskuluja virheett\u00f6mien tuotteiden palautuksen yhteydess\u00e4. Palautuksessa tulee olla mukana kopio ostokuitista.<\/p>\n<p>Virheett\u00f6mill\u00e4 alennustuotteilla ei ole palautusoikeutta. Jos palauttamasi tuote tai sen pakkaus ei ole alkuper\u00e4isess\u00e4 kunnossa ja k\u00e4ytt\u00e4m\u00e4t\u00f6n, tuotetta ei voi palauttaa. Emme korvaa k\u00e4ytettyn\u00e4 tai rikkin\u00e4isen\u00e4 palautettuja tuotteita. Jos tuote on kuitenkin ollut viallinen tai vioittunut saadessanne sen, palauttakaa se asiakaspalautuksella. Mukaan selostus viasta sek\u00e4 ilmoitus siit\u00e4 haluatteko uuden tilalle vai rahat takaisin. Palauttaessanne tuotetta muistakaa liitt\u00e4\u00e4 mukaan my\u00f6s kopio laskusta ja tilinumero mahdollista rahojen palautusta varten.<\/p>\n<p>Emme voi k\u00e4sitell\u00e4 palautusta, jonka mukana ei ole toimitettu kopiota kuitista. Kuitista tied\u00e4mme mihin tilaukseen palautettu tuote liittyy.<\/div><\/div>\n<\/div>\n","protected":false},"excerpt":{"rendered":"","protected":false},"author":1,"featured_media":0,"parent":0,"menu_order":0,"comment_status":"closed","ping_status":"closed","template":"","meta":[],"_links":{"self":[{"href":"https:\/\/www.tuntsa.fi\/kauppa\/index.php?rest_route=\/wp\/v2\/pages\/498"}],"collection":[{"href":"https:\/\/www.tuntsa.fi\/kauppa\/index.php?rest_route=\/wp\/v2\/pages"}],"about":[{"href":"https:\/\/www.tuntsa.fi\/kauppa\/index.php?rest_route=\/wp\/v2\/types\/page"}],"author":[{"embeddable":true,"href":"https:\/\/www.tuntsa.fi\/kauppa\/index.php?rest_route=\/wp\/v2\/users\/1"}],"replies":[{"embeddable":true,"href":"https:\/\/www.tuntsa.fi\/kauppa\/index.php?rest_route=%2Fwp%2Fv2%2Fcomments&post=498"}],"version-history":[{"count":17,"href":"https:\/\/www.tuntsa.fi\/kauppa\/index.php?rest_route=\/wp\/v2\/pages\/498\/revisions"}],"predecessor-version":[{"id":5277,"href":"https:\/\/www.tuntsa.fi\/kauppa\/index.php?rest_route=\/wp\/v2\/pages\/498\/revisions\/5277"}],"wp:attachment":[{"href":"https:\/\/www.tuntsa.fi\/kauppa\/index.php?rest_route=%2Fwp%2Fv2%2Fmedia&parent=498"}],"curies":[{"name":"wp","href":"https:\/\/api.w.org\/{rel}","templated":true}]}}