{"id":2396,"date":"2018-03-15T10:27:29","date_gmt":"2018-03-15T08:27:29","guid":{"rendered":"http:\/\/www.tuntsa.fi\/kauppa\/?page_id=2396"},"modified":"2018-04-22T08:41:23","modified_gmt":"2018-04-22T05:41:23","slug":"rekisteriseloste","status":"publish","type":"page","link":"https:\/\/www.tuntsa.fi\/kauppa\/?page_id=2396","title":{"rendered":"Stick-On Oy tietosuojaseloste"},"content":{"rendered":"<p>Rekisterinpit\u00e4j\u00e4ll\u00e4 on tietosuoja-asetuksen mukaan velvollisuus informoida selke\u00e4ll\u00e4 tavalla rekister\u00f6ityj\u00e4. T\u00e4m\u00e4 seloste t\u00e4ytt\u00e4\u00e4 informointivelvoitteen.<\/p>\n<h5>1. Rekisterinpit\u00e4j\u00e4<\/h5>\n<p>Stick-On Oy<br \/>\nTeollisuustie 8, 98900 Salla<\/p>\n<p><strong>Yhteystiedot rekisteri\u00e4 koskevissa asioissa:<\/strong><\/p>\n<p>Stick-On Oy \/ Heimo Hautaj\u00e4rvi<br \/>\nTeollisuustie 8, 98900 Salla<br \/>\n040 5223480<br \/>\ntuntsa@tuntsa.fi<\/p>\n<h5>2. Rekister\u00f6idyt<\/h5>\n<p>Nettikaupan asiakkaat<\/p>\n<h5>3. Rekisterin pit\u00e4misen peruste ja k\u00e4ytt\u00f6tarkoitus<\/h5>\n<p><strong>Rekisterin pit\u00e4misen peruste:<\/strong><\/p>\n<ul>\n<li>Asiakkaan tiedot mahdollista reklamaatiok\u00e4sittely\u00e4 varten.<\/li>\n<\/ul>\n<p>Asiakas tilatessaan tuotteen suostuu tietojen tallentamiseen ellei erikseen sit\u00e4 kiell\u00e4.<\/p>\n<p><strong>Henkil\u00f6tietojen k\u00e4sittelyn ja rekisterin k\u00e4ytt\u00f6tarkoitus:<\/strong><\/p>\n<p>Henkil\u00f6tietoja k\u00e4sitell\u00e4\u00e4n vain ennalta m\u00e4\u00e4riteltyihin tarkoituksiin, jotka ovat seuraavat:<\/p>\n<ul>\n<li>Asiakassuhteen hoitaminen, tilausten k\u00e4sittely ja toimitus.<\/li>\n<li>Mahdollinen reklamaatiok\u00e4sittely.<\/li>\n<li>Palveluistamme kertominen.<\/li>\n<\/ul>\n<h5>4. Rekisteriin tallennettavat henkil\u00f6tiedot<\/h5>\n<p>Asiakasrekisteri sis\u00e4lt\u00e4\u00e4 seuraavat tiedot:<\/p>\n<p><strong>Yhteystiedot<\/strong><\/p>\n<ul>\n<li>nimi<\/li>\n<li>osoite<\/li>\n<li>s\u00e4hk\u00f6posti<\/li>\n<li>puhelinnumero<\/li>\n<\/ul>\n<p><strong>Asiakastiedot<\/strong><\/p>\n<ul>\n<li>tiedot ostetuista tuotteista \/ palveluista<\/li>\n<\/ul>\n<h5>5. Rekister\u00f6idyn oikeudet<\/h5>\n<p>Rekister\u00f6idyll\u00e4 on seuraavat oikeudet, joiden k\u00e4ytt\u00e4mist\u00e4 koskevat pyynn\u00f6t tulee tehd\u00e4 osoitteeseen:<\/p>\n<p>Stick-On Oy<br \/>\nTeollisuustie 8, 98900 Salla<\/p>\n<p><strong>Tarkastusoikeus<\/strong><\/p>\n<p>Rekister\u00f6ity voi tarkistaa tallentamamme henkil\u00f6tiedot.<\/p>\n<p><strong>Oikeus tietojen oikaisemiseen<\/strong><\/p>\n<p>Rekister\u00f6ity voi pyyt\u00e4\u00e4 oikaisemaan h\u00e4nt\u00e4 koskevat virheelliset tai puutteelliset tiedot.<\/p>\n<p><strong>Vastustamisoikeus<\/strong><\/p>\n<p>Rekister\u00f6ity voi vastustaa henkil\u00f6tietojen k\u00e4sittely\u00e4, mik\u00e4li kokee, ett\u00e4 henkil\u00f6tietoja on k\u00e4sitelty lainvastaisesti.<\/p>\n<p><strong>Suoramarkkinointikielto<\/strong><\/p>\n<p>Rekisteritietoja ei k\u00e4ytet\u00e4 suoramarkkinointiin.<\/p>\n<p><strong>Poisto-oikeus<\/strong><\/p>\n<p>Rekister\u00f6idyll\u00e4 on oikeus pyyt\u00e4\u00e4 tietojen poistamista, jos tietojen k\u00e4sittely ei ole tarpeen. K\u00e4sittelemme poistopyynn\u00f6n, jonka j\u00e4lkeen joko poistamme tiedot tai ilmoitamme perustellun syyn, miksi tietoja ei voida poistaa.\u00a0On huomioitava, ett\u00e4 rekisterinpit\u00e4j\u00e4ll\u00e4 voi olla lakis\u00e4\u00e4teinen tai muu oikeus olla poistamatta pyydetty\u00e4 tietoa. Rekisterinpit\u00e4j\u00e4ll\u00e4 on velvollisuus s\u00e4ilytt\u00e4\u00e4 kirjanpitoaineisto Kirjanpitolaissa (luku 2, 10 \u00a7) m\u00e4\u00e4ritellyn ajan (10 vuotta) mukaisesti. T\u00e4m\u00e4n vuoksi kirjanpitoon liittyv\u00e4\u00e4 aineistoa ei voida poistaa ennen m\u00e4\u00e4r\u00e4ajan umpeutumista.<\/p>\n<p><strong>Suostumuksen peruuttaminen<\/strong><\/p>\n<p>Jos rekister\u00f6ity\u00e4 koskeva henkil\u00f6tietojen k\u00e4sittely perustuu ainoastaan suostumukseen, eik\u00e4 esim. asiakkuuteen tai j\u00e4senyyteen, voi rekister\u00f6ity peruuttaa suostumuksen.<\/p>\n<p><strong>Rekister\u00f6ity voi valittaa p\u00e4\u00e4t\u00f6ksest\u00e4 tietosuojavaltuutetulle<\/strong><\/p>\n<p>Rekister\u00f6idyll\u00e4 on oikeus vaatia, ett\u00e4 rajoitamme kiistanalaisten tietojen k\u00e4sittely\u00e4 siksi aikaa, kunnes asia saadaan ratkaistua.<\/p>\n<p><strong>Valitusoikeus<\/strong><\/p>\n<p>Rekister\u00f6idyll\u00e4 on oikeus tehd\u00e4 tietosuojavaltuutetulle kantelu, jos h\u00e4n kokee, ett\u00e4 rikomme henkil\u00f6tietoja k\u00e4sitelless\u00e4mme voimassa olevaa tietosuojalains\u00e4\u00e4d\u00e4nt\u00f6\u00e4.<\/p>\n<p>Tietosuojavaltuutetun yhteystiedot: www.tietosuoja.fi\/fi\/index\/yhteystiedot.html<\/p>\n<h5>6. S\u00e4\u00e4nn\u00f6nmukaiset tietol\u00e4hteet<\/h5>\n<p>Asiakastiedot saadaan s\u00e4\u00e4nn\u00f6nmukaisesti:<\/p>\n<ul>\n<li>Asiakkaalta itselt\u00e4\u00e4n asiakassuhteen syntyess\u00e4\u00a0verkkolomakkeen kautta<\/li>\n<\/ul>\n<h5>7. S\u00e4\u00e4nn\u00f6nmukaiset tietojen luovutukset<\/h5>\n<p>Tietoja ei p\u00e4\u00e4s\u00e4\u00e4nt\u00f6isesti luovuteta markkinointitarkoituksiin Stick-On Oy:n ulkopuolelle.<\/p>\n<h5>8. K\u00e4sittelyn kesto<\/h5>\n<p>Henkil\u00f6tietoja k\u00e4sitell\u00e4\u00e4n p\u00e4\u00e4s\u00e4\u00e4nt\u00f6isesti niin kauan, kuin asiakkuus on voimassa.\u00a0Markkinointilistaltamme rekister\u00f6ity p\u00e4\u00e4see poistumaan itse jokaisessa l\u00e4hett\u00e4m\u00e4ss\u00e4mme markkinointis\u00e4hk\u00f6postissamme olevan linkin kautta.<\/p>\n<h5>9. Henkil\u00f6tietojen k\u00e4sittelij\u00e4t<\/h5>\n<p>Rekisterinpit\u00e4j\u00e4 ja t\u00e4m\u00e4n ty\u00f6ntekij\u00e4t k\u00e4sittelev\u00e4t henkil\u00f6tietoja. Voimme my\u00f6s ulkoistaa henkil\u00f6tietojen k\u00e4sittelyn osittain kolmannelle osapuolelle, jolloin takaamme sopimusj\u00e4rjestelyin, ett\u00e4 henkil\u00f6tietoja k\u00e4sitell\u00e4\u00e4n voimassa olevan tietosuojalains\u00e4\u00e4d\u00e4nn\u00f6n mukaisesti ja muutoin asianmukaisesti.<\/p>\n<h5>10. Tietojen siirto EU:n ulkopuolelle<\/h5>\n<p>Henkil\u00f6tietoja ei siirret\u00e4 EU:n tai Euroopan talousalueen ulkopuolelle.<\/p>\n<h5>11. Automaattinen p\u00e4\u00e4t\u00f6ksenteko ja profilointi<\/h5>\n<p>Emme k\u00e4yt\u00e4 tietoja automaattiseen p\u00e4\u00e4t\u00f6ksentekoon tai profilointiin.<\/p>\n","protected":false},"excerpt":{"rendered":"<p>Rekisterinpit\u00e4j\u00e4ll\u00e4 on tietosuoja-asetuksen mukaan velvollisuus informoida selke\u00e4ll\u00e4 tavalla rekister\u00f6ityj\u00e4. T\u00e4m\u00e4 seloste t\u00e4ytt\u00e4\u00e4 informointivelvoitteen. 1. Rekisterinpit\u00e4j\u00e4 Stick-On Oy Teollisuustie 8, 98900 Salla Yhteystiedot rekisteri\u00e4 koskevissa asioissa: Stick-On Oy \/ Heimo Hautaj\u00e4rvi Teollisuustie 8, 98900 Salla 040 5223480 tuntsa@tuntsa.fi 2. Rekister\u00f6idyt Nettikaupan asiakkaat 3. Rekisterin pit\u00e4misen peruste ja k\u00e4ytt\u00f6tarkoitus Rekisterin pit\u00e4misen peruste: Asiakkaan tiedot mahdollista reklamaatiok\u00e4sittely\u00e4 varten. [&hellip;]<\/p>\n","protected":false},"author":2,"featured_media":0,"parent":0,"menu_order":0,"comment_status":"closed","ping_status":"closed","template":"","meta":[],"_links":{"self":[{"href":"https:\/\/www.tuntsa.fi\/kauppa\/index.php?rest_route=\/wp\/v2\/pages\/2396"}],"collection":[{"href":"https:\/\/www.tuntsa.fi\/kauppa\/index.php?rest_route=\/wp\/v2\/pages"}],"about":[{"href":"https:\/\/www.tuntsa.fi\/kauppa\/index.php?rest_route=\/wp\/v2\/types\/page"}],"author":[{"embeddable":true,"href":"https:\/\/www.tuntsa.fi\/kauppa\/index.php?rest_route=\/wp\/v2\/users\/2"}],"replies":[{"embeddable":true,"href":"https:\/\/www.tuntsa.fi\/kauppa\/index.php?rest_route=%2Fwp%2Fv2%2Fcomments&post=2396"}],"version-history":[{"count":8,"href":"https:\/\/www.tuntsa.fi\/kauppa\/index.php?rest_route=\/wp\/v2\/pages\/2396\/revisions"}],"predecessor-version":[{"id":2447,"href":"https:\/\/www.tuntsa.fi\/kauppa\/index.php?rest_route=\/wp\/v2\/pages\/2396\/revisions\/2447"}],"wp:attachment":[{"href":"https:\/\/www.tuntsa.fi\/kauppa\/index.php?rest_route=%2Fwp%2Fv2%2Fmedia&parent=2396"}],"curies":[{"name":"wp","href":"https:\/\/api.w.org\/{rel}","templated":true}]}}