{"id":1919,"date":"2018-02-18T11:26:28","date_gmt":"2018-02-18T09:26:28","guid":{"rendered":"http:\/\/localhost:8888\/?page_id=1919"},"modified":"2021-10-27T15:59:05","modified_gmt":"2021-10-27T12:59:05","slug":"yhteystiedot","status":"publish","type":"page","link":"https:\/\/www.tuntsa.fi\/kauppa\/?page_id=1919","title":{"rendered":"Yhteystiedot"},"content":{"rendered":"<div class=\"su-row\">\n<div class=\"su-column su-column-size-1-3\"><div class=\"su-column-inner su-u-clearfix su-u-trim\">\n<hr \/>\n<p><strong>Stick-On Oy \/ Tuntsa\u00ae \/ Tuntsakauppa\u2122<\/strong><\/p>\n<div style=\"display: inline-block;\">Teollisuustie 8<br \/>\n98900 Salla<br \/>\nFinland<\/div>\n<hr \/>\n<div style=\"display: inline-block;\">040-5223480<br \/>\n0400-396124<\/div>\n<hr \/>\n<div style=\"display: inline-block;\">tuntsa(a)tuntsa.fi<br \/>\ntilaukset(a)tuntsa.fi<\/div>\n<p>Tehtaanmyym\u00e4l\u00e4 avoinna ma-ti-ke 9-16\u00a0 ty\u00f6p\u00e4ivin\u00e4 my\u00f6s to-pe<\/p>\n<hr \/>\n<p><a href=\"http:\/\/www.tuntsa.fi\/kauppa\/?page_id=498\">Tuntsakaupan Toimitusehdot<\/a><br \/>\n<a href=\"https:\/\/checkout.fi\/materiaalit\/maksuehdot\/\" target=\"_blank\" rel=\"noopener noreferrer\">Paytrail -palvelun maksuehdot<\/a><br \/>\n<a href=\"http:\/\/www.tuntsa.fi\/kauppa\/?page_id=2396\">Tietosuojaseloste<\/a><\/p>\n<p><img loading=\"lazy\" class=\"alignnone size-medium wp-image-1819\" src=\"http:\/\/www.tuntsa.fi\/kauppa\/wp-content\/uploads\/2018\/01\/logo_tuntsakauppa_small-300x38.png\" alt=\"\" width=\"300\" height=\"38\" \/><\/p>\n<\/div><\/div>\n<div class=\"su-column su-column-size-1-3\"><div class=\"su-column-inner su-u-clearfix su-u-trim\"><em>Ota meihin yhteytt\u00e4 s\u00e4hk\u00f6postilla tai puhelimitse:<\/em><\/p>\n[contact-form-7 404 \"Not Found\"]<\/div><\/div>\n<div class=\"su-column su-column-size-1-3\"><div class=\"su-column-inner su-u-clearfix su-u-trim\">\n<img class=\"alignright\" src=\"http:\/\/www.tuntsa.fi\/kauppa\/wp-content\/uploads\/2018\/02\/logo_tuntsa_small.png\" alt=\"\" \/><br \/>\n<img loading=\"lazy\" class=\"alignright size-full\" src=\"http:\/\/www.tuntsa.fi\/kuvat_ohjeet\/kartta.jpg\" width=\"190\" height=\"331\" \/><\/div><\/div>\n<div class=\"su-row\"><\/div><div class=\"su-column su-column-size-2-3 su-column-centered\"><div class=\"su-column-inner su-u-clearfix su-u-trim\"><div class=\"su-tabs su-tabs-style-default su-tabs-mobile-stack\" data-active=\"1\" data-scroll-offset=\"0\" data-anchor-in-url=\"no\"><div class=\"su-tabs-nav\"><span class=\"\" data-url=\"\" data-target=\"blank\" tabindex=\"0\" role=\"button\">Historia<\/span><span class=\"\" data-url=\"\" data-target=\"blank\" tabindex=\"0\" role=\"button\">Tuntsa\u00ae<\/span><span class=\"\" data-url=\"\" data-target=\"blank\" tabindex=\"0\" role=\"button\">Er\u00e4maa<\/span><\/div><div class=\"su-tabs-panes\"><div class=\"su-tabs-pane su-u-clearfix su-u-trim\" data-title=\"Historia\">Stick-On Ky on sallalainen tekstiilialan yritys, joka on perustettu 1986.<\/p>\n<p>Yrityksen tuotanto painottui alkuvaiheessa laadultaan korkeatasoisiin neulevaatteisiin &#8211; erityisesti pitk\u00e4lle kehitettyihin ja helppohoitoisiin neulemateriaaleihin.<\/p>\n<p>Yrityksen nimi syntyi kielellisesti ulkomaankaupan tarpeisiin &#8211; viennin kohteena olivat Ruotsi ja Norja, joissa &#8221;Stick-On&#8221; osattiin paremmin liitt\u00e4\u00e4 neuleisiin. Omaa mallistoa ei muihin pohjoismaihin viety, vaan vienti koostui alihankintat\u00f6ist\u00e4; neulevaatemallistoja miehille, naisille ja lapsille.<\/p>\n<p>Tuotanto kokonaisuudessaan tuli kuitenkin Stick-On:lta &#8211; tilaajalta saadusta luonnoksesta valmiiksi sarjaksi.<\/p>\n<p>My\u00f6hemmin tuotantoon tulivat mukaan my\u00f6s liikelahjaneuleet kotimaan markkinoille.<\/div>\n<div class=\"su-tabs-pane su-u-clearfix su-u-trim\" data-title=\"Tuntsa\u00ae\">\n<h5>Tuntsa-tuotemerkki<\/h5>\n<p>Automatisoidun neuletuotannon rinnalle syntyi kuitenkin jo aikaisessa vaiheessa er\u00e4- ja ulkoiluvaate-tuotantoa. Ensimm\u00e4iset kangastuotteet olivat ty\u00f6asuja suppealle k\u00e4ytt\u00e4j\u00e4kunnalle pohjoisen vaativiin olosuhteisiin. Mutta pian &#8221;Tikkonin&#8221; laadukkaat ja k\u00e4yt\u00e4nn\u00f6lliseksi kehitellyt asut l\u00f6ydettiin my\u00f6s vapaa-ajan k\u00e4ytt\u00f6\u00f6n.<\/p>\n<p>Syntyi paremmin suomalaiseen suuhun sopiva Tuntsa-tuotemerkki, joka rekister\u00f6itiin Stick-On Ky:lle 1987.<\/p>\n<h5>Stick-On t\u00e4n\u00e4\u00e4n<\/h5>\n<p>T\u00e4n\u00e4\u00e4n Stick-On Oy on omissa tiloissaan toimiva perheyritys, jonka tuotanto keskittyy omaan Tuntsa\u00ae ulkoilu- ja er\u00e4vaatemallistoon.<\/p>\n<p>Tuntsa\u00ae-tuotemerkill\u00e4 valmistetaan my\u00f6s erikoistuotteet kuten lapinkodat sek\u00e4 retkeilymajoitteet. Edelleen mukana on my\u00f6s neuletuotantoa eri muodoissa.<\/div>\n<div class=\"su-tabs-pane su-u-clearfix su-u-trim\" data-title=\"Er\u00e4maa\">\n<h5>Tuntsan er\u00e4maa-alue<\/h5>\n<p>Tuntsa on laaja er\u00e4maa-alue Sallan kunnan pohjois-osissa. Se tunnetaan jo kirjailija A.E.J\u00e4rvisen er\u00e4henkisest\u00e4 tuotannosta &#8211; sek\u00e4 kalaisista joistaan, joista yksi saa alkunsa Tuntsan tuntureilta &#8211; Tuntsa-joki.<\/p>\n<h5>J\u00e4ttim\u00e4inen mets\u00e4palo 1960<\/h5>\n<p>1960-luvun alussa t\u00e4m\u00e4 syrj\u00e4inen er\u00e4maa tuli laajalti tunnetuksi Suomen historian suurimmasta mets\u00e4palosta (yli 20 000 ha).<\/p>\n<p>&#8221;Kes\u00e4 1960 oli todella helteinen ja kuuma. Ilmeisesti ukkonen ja salamanisku sytyttiv\u00e4t Tuntsalle kohtalokkaan mets\u00e4palon. Paloalueita oli kaksi. Papuoivan-Puitsin-Peuratunturin alueella alkoi palaa hein\u00e4kuun alussa ja toinen alue sijaitsi Kuskoivan-Nuolusoivan alueella. Osa palosta lienee saanut alkunsa Ven\u00e4j\u00e4n puolelta jonne se my\u00f6hemmin palasi.<\/p>\n<p>Mets\u00e4palo raivosi alueella kolme viikkoa ja palojen sammuttamiseen osallistui parhaimmillaan l\u00e4hes puolen tuhatta miest\u00e4. Sammutusty\u00f6 kuumassa kuivassa kairassa oli hyvin rankkaa puuhaa.<br \/>\nNaruskan tammelta, jonne autotie loppui, oli matkaa Tuntsalle noin nelj\u00e4kymment\u00e4 km tiet\u00f6nt\u00e4 korpitaivalta.<\/p>\n<p>Tuli ahmi vastustamattomasti mets\u00e4\u00e4 jyristen kuin ukkonen edetess\u00e4\u00e4n kuivassa kuusikossa. P\u00e4ivisin se eteni rajuna latvapalona, \u00f6isin se kyti hiljaa j\u00e4k\u00e4lik\u00f6ss\u00e4. Kaikkiaan Tuntsa paloi n. kuukauden p\u00e4iv\u00e4t ja palon eteneminen pys\u00e4htyi lopulta luonnollisiin esteisiin: jokiin ja soihin.&#8221;<\/p>\n<h5>Nokisavotta<\/h5>\n<p>Palon j\u00e4lkeen er\u00e4maan ilmett\u00e4 muokkasi nykyajankin mittapuulla j\u00e4ttim\u00e4inen nokisavotta, jossa palon j\u00e4lki\u00e4 raivattiin useiden vuosien ajan. Palon j\u00e4ljet ovat n\u00e4ht\u00e4viss\u00e4 viel\u00e4 t\u00e4n\u00e4kin p\u00e4iv\u00e4n\u00e4 monin paikoin Tuntsan tuntureilla.<\/p>\n<p>&#8221;Mets\u00e4\u00e4 tuhoutui l\u00e4hes 20 000 ha ja Sallan Pohjoinen paliskunta menetti ison osan parhaista talvilaitumistaan. Kemi Oy korjasi paloalueelta l\u00e4hes 300 000 m3 puuta. Savotta ty\u00f6llisti tuhatkunta miest\u00e4 ja satoja traktoreita vuoteen 1967 saakka. Kun paloalueen puita alettiin hakata, soi saha kairassa y\u00f6t\u00e4 p\u00e4iv\u00e4\u00e4.&#8221;<\/p>\n<\/div><\/div><\/div><\/div><\/div><\/div>\n","protected":false},"excerpt":{"rendered":"","protected":false},"author":1,"featured_media":0,"parent":0,"menu_order":0,"comment_status":"closed","ping_status":"closed","template":"","meta":[],"_links":{"self":[{"href":"https:\/\/www.tuntsa.fi\/kauppa\/index.php?rest_route=\/wp\/v2\/pages\/1919"}],"collection":[{"href":"https:\/\/www.tuntsa.fi\/kauppa\/index.php?rest_route=\/wp\/v2\/pages"}],"about":[{"href":"https:\/\/www.tuntsa.fi\/kauppa\/index.php?rest_route=\/wp\/v2\/types\/page"}],"author":[{"embeddable":true,"href":"https:\/\/www.tuntsa.fi\/kauppa\/index.php?rest_route=\/wp\/v2\/users\/1"}],"replies":[{"embeddable":true,"href":"https:\/\/www.tuntsa.fi\/kauppa\/index.php?rest_route=%2Fwp%2Fv2%2Fcomments&post=1919"}],"version-history":[{"count":61,"href":"https:\/\/www.tuntsa.fi\/kauppa\/index.php?rest_route=\/wp\/v2\/pages\/1919\/revisions"}],"predecessor-version":[{"id":5300,"href":"https:\/\/www.tuntsa.fi\/kauppa\/index.php?rest_route=\/wp\/v2\/pages\/1919\/revisions\/5300"}],"wp:attachment":[{"href":"https:\/\/www.tuntsa.fi\/kauppa\/index.php?rest_route=%2Fwp%2Fv2%2Fmedia&parent=1919"}],"curies":[{"name":"wp","href":"https:\/\/api.w.org\/{rel}","templated":true}]}}